{"id":263,"date":"2022-06-07T08:02:53","date_gmt":"2022-06-07T06:02:53","guid":{"rendered":"http:\/\/kastenhuber.aufwind.co.at\/?page_id=263"},"modified":"2022-09-28T13:31:19","modified_gmt":"2022-09-28T11:31:19","slug":"die-familie","status":"publish","type":"page","link":"https:\/\/kastenhuber.at\/en\/die-familie\/","title":{"rendered":"The family"},"content":{"rendered":"<div data-elementor-type=\"wp-page\" data-elementor-id=\"263\" class=\"elementor elementor-263\">\n\t\t\t\t\t\t\t\t\t<section class=\"has_eae_slider elementor-section elementor-top-section elementor-element elementor-element-e0272c8 elementor-section-boxed elementor-section-height-default elementor-section-height-default parallax_section_no qode_elementor_container_no\" data-id=\"e0272c8\" data-element_type=\"section\">\n\t\t\t\t\t\t<div class=\"elementor-container elementor-column-gap-default\">\n\t\t\t\t\t<div class=\"has_eae_slider elementor-column elementor-col-100 elementor-top-column elementor-element elementor-element-75945f1\" data-id=\"75945f1\" data-element_type=\"column\">\n\t\t\t<div class=\"elementor-widget-wrap\">\n\t\t\t\t\t\t\t\t\t<\/div>\n\t\t<\/div>\n\t\t\t\t\t\t\t<\/div>\n\t\t<\/section>\n\t\t\t\t<section class=\"has_eae_slider elementor-section elementor-top-section elementor-element elementor-element-aa46a3a elementor-section-height-min-height elementor-section-stretched elementor-section-boxed elementor-section-height-default elementor-section-items-middle parallax_section_no qode_elementor_container_no\" data-id=\"aa46a3a\" data-element_type=\"section\" data-settings=\"{&quot;stretch_section&quot;:&quot;section-stretched&quot;,&quot;background_background&quot;:&quot;classic&quot;}\">\n\t\t\t\t\t\t<div class=\"elementor-container elementor-column-gap-wide\">\n\t\t\t\t\t<div class=\"has_eae_slider elementor-column elementor-col-66 elementor-top-column elementor-element elementor-element-d1bb907\" data-id=\"d1bb907\" data-element_type=\"column\">\n\t\t\t<div class=\"elementor-widget-wrap elementor-element-populated\">\n\t\t\t\t\t\t\t\t<div class=\"elementor-element elementor-element-b7f2b0d elementor-widget elementor-widget-image\" data-id=\"b7f2b0d\" data-element_type=\"widget\" data-widget_type=\"image.default\">\n\t\t\t\t<div class=\"elementor-widget-container\">\n\t\t\t<style>\/*! elementor - v3.15.0 - 09-08-2023 *\/\n.elementor-widget-image{text-align:center}.elementor-widget-image a{display:inline-block}.elementor-widget-image a img[src$=\".svg\"]{width:48px}.elementor-widget-image img{vertical-align:middle;display:inline-block}<\/style>\t\t\t\t\t\t\t\t\t\t\t\t<img decoding=\"async\" width=\"1000\" height=\"800\" src=\"https:\/\/kastenhuber.at\/wp-content\/uploads\/2022\/08\/kastenhuber-familie-01.jpg\" class=\"attachment-large size-large wp-image-1875\" alt=\"\" loading=\"lazy\" srcset=\"https:\/\/kastenhuber.at\/wp-content\/uploads\/2022\/08\/kastenhuber-familie-01.jpg 1000w, https:\/\/kastenhuber.at\/wp-content\/uploads\/2022\/08\/kastenhuber-familie-01-300x240.jpg 300w, https:\/\/kastenhuber.at\/wp-content\/uploads\/2022\/08\/kastenhuber-familie-01-768x614.jpg 768w, https:\/\/kastenhuber.at\/wp-content\/uploads\/2022\/08\/kastenhuber-familie-01-700x560.jpg 700w, https:\/\/kastenhuber.at\/wp-content\/uploads\/2022\/08\/kastenhuber-familie-01-80x64.jpg 80w, https:\/\/kastenhuber.at\/wp-content\/uploads\/2022\/08\/kastenhuber-familie-01-36x29.jpg 36w, https:\/\/kastenhuber.at\/wp-content\/uploads\/2022\/08\/kastenhuber-familie-01-48x38.jpg 48w\" sizes=\"(max-width: 1000px) 100vw, 1000px\" \/>\t\t\t\t\t\t\t\t\t\t\t\t\t\t\t<\/div>\n\t\t\t\t<\/div>\n\t\t\t\t\t<\/div>\n\t\t<\/div>\n\t\t\t\t<div class=\"has_eae_slider elementor-column elementor-col-33 elementor-top-column elementor-element elementor-element-ddf0af4\" data-id=\"ddf0af4\" data-element_type=\"column\">\n\t\t\t<div class=\"elementor-widget-wrap elementor-element-populated\">\n\t\t\t\t\t\t\t\t<div class=\"elementor-element elementor-element-5f7b845 elementor-widget elementor-widget-heading\" data-id=\"5f7b845\" data-element_type=\"widget\" data-widget_type=\"heading.default\">\n\t\t\t\t<div class=\"elementor-widget-container\">\n\t\t\t<style>\/*! elementor - v3.15.0 - 09-08-2023 *\/\n.elementor-heading-title{padding:0;margin:0;line-height:1}.elementor-widget-heading .elementor-heading-title[class*=elementor-size-]>a{color:inherit;font-size:inherit;line-height:inherit}.elementor-widget-heading .elementor-heading-title.elementor-size-small{font-size:15px}.elementor-widget-heading .elementor-heading-title.elementor-size-medium{font-size:19px}.elementor-widget-heading .elementor-heading-title.elementor-size-large{font-size:29px}.elementor-widget-heading .elementor-heading-title.elementor-size-xl{font-size:39px}.elementor-widget-heading .elementor-heading-title.elementor-size-xxl{font-size:59px}<\/style><h2 class=\"elementor-heading-title elementor-size-default\">We live hospitality<\/h2>\t\t<\/div>\n\t\t\t\t<\/div>\n\t\t\t\t<div class=\"elementor-element elementor-element-238494c elementor-widget elementor-widget-text-editor\" data-id=\"238494c\" data-element_type=\"widget\" data-widget_type=\"text-editor.default\">\n\t\t\t\t<div class=\"elementor-widget-container\">\n\t\t\t<style>\/*! elementor - v3.15.0 - 09-08-2023 *\/\n.elementor-widget-text-editor.elementor-drop-cap-view-stacked .elementor-drop-cap{background-color:#69727d;color:#fff}.elementor-widget-text-editor.elementor-drop-cap-view-framed .elementor-drop-cap{color:#69727d;border:3px solid;background-color:transparent}.elementor-widget-text-editor:not(.elementor-drop-cap-view-default) .elementor-drop-cap{margin-top:8px}.elementor-widget-text-editor:not(.elementor-drop-cap-view-default) .elementor-drop-cap-letter{width:1em;height:1em}.elementor-widget-text-editor .elementor-drop-cap{float:left;text-align:center;line-height:1;font-size:50px}.elementor-widget-text-editor .elementor-drop-cap-letter{display:inline-block}<\/style>\t\t\t\t<p>The impressive building at the Traunfall falls has more than 500 years of history and tradition. The first mention of it was made in 1750.<\/p>\t\t\t\t\t\t<\/div>\n\t\t\t\t<\/div>\n\t\t\t\t\t<\/div>\n\t\t<\/div>\n\t\t\t\t\t\t\t<\/div>\n\t\t<\/section>\n\t\t\t\t<section class=\"has_eae_slider elementor-section elementor-top-section elementor-element elementor-element-5cb5223 elementor-section-stretched elementor-section-boxed elementor-section-height-default elementor-section-height-default parallax_section_no qode_elementor_container_no\" data-id=\"5cb5223\" data-element_type=\"section\" data-settings=\"{&quot;stretch_section&quot;:&quot;section-stretched&quot;,&quot;background_background&quot;:&quot;classic&quot;}\">\n\t\t\t\t\t\t<div class=\"elementor-container elementor-column-gap-default\">\n\t\t\t\t\t<div class=\"has_eae_slider elementor-column elementor-col-100 elementor-top-column elementor-element elementor-element-4beff5e\" data-id=\"4beff5e\" data-element_type=\"column\">\n\t\t\t<div class=\"elementor-widget-wrap elementor-element-populated\">\n\t\t\t\t\t\t\t\t<div class=\"elementor-element elementor-element-42fb21e elementor-widget elementor-widget-qi_addons_for_elementor_timeline\" data-id=\"42fb21e\" data-element_type=\"widget\" data-widget_type=\"qi_addons_for_elementor_timeline.default\">\n\t\t\t\t<div class=\"elementor-widget-container\">\n\t\t\t<div class=\"qodef-shortcode qodef-m  qodef-qi-timeline qodef-timeline--vertical  qodef-timeline-layout--vertical-side qodef-line--outside qodef-point--standard qodef-qi--has-appear\">\n\t<div class=\"qodef-e qodef-e-item  elementor-repeater-item-1b66e0e qodef-obverse\">\n\t<div class=\"qodef-e-line-holder\">\n\t\t<span class=\"qodef-e-line\"><\/span>\n\t<\/div>\n\t<div class=\"qodef-e-item-inner\">\n\t\t<div class=\"qodef-e-point-holder\">\n\t\t\t<div class=\"qodef-e-point\">\n\t\t\t\t\t\t\t<\/div>\n\t\t<\/div>\n\t\t<div class=\"qodef-e-item-content\">\n\t\t\t<div class=\"qodef-e-side-holder\">\n\t\t\t\t<div class=\"qodef-e-image\">\n\t<img width=\"800\" height=\"800\" src=\"https:\/\/kastenhuber.at\/wp-content\/uploads\/2022\/09\/kastenhuber-die-familie01.jpg\" class=\"attachment-full size-full\" alt=\"\" decoding=\"async\" loading=\"lazy\" srcset=\"https:\/\/kastenhuber.at\/wp-content\/uploads\/2022\/09\/kastenhuber-die-familie01.jpg 800w, https:\/\/kastenhuber.at\/wp-content\/uploads\/2022\/09\/kastenhuber-die-familie01-300x300.jpg 300w, https:\/\/kastenhuber.at\/wp-content\/uploads\/2022\/09\/kastenhuber-die-familie01-150x150.jpg 150w, https:\/\/kastenhuber.at\/wp-content\/uploads\/2022\/09\/kastenhuber-die-familie01-768x768.jpg 768w, https:\/\/kastenhuber.at\/wp-content\/uploads\/2022\/09\/kastenhuber-die-familie01-570x570.jpg 570w, https:\/\/kastenhuber.at\/wp-content\/uploads\/2022\/09\/kastenhuber-die-familie01-500x500.jpg 500w, https:\/\/kastenhuber.at\/wp-content\/uploads\/2022\/09\/kastenhuber-die-familie01-700x700.jpg 700w, https:\/\/kastenhuber.at\/wp-content\/uploads\/2022\/09\/kastenhuber-die-familie01-650x650.jpg 650w, https:\/\/kastenhuber.at\/wp-content\/uploads\/2022\/09\/kastenhuber-die-familie01-80x80.jpg 80w, https:\/\/kastenhuber.at\/wp-content\/uploads\/2022\/09\/kastenhuber-die-familie01-36x36.jpg 36w, https:\/\/kastenhuber.at\/wp-content\/uploads\/2022\/09\/kastenhuber-die-familie01-48x48.jpg 48w\" sizes=\"(max-width: 800px) 100vw, 800px\" \/><\/div>\n\t\t\t<\/div>\n\t\t\t<div class=\"qodef-e-content-holder\">\n\t\t\t\t\t<div class=\"qodef-e-date\">\n\t\t1999\t<\/div>\n\t\t\t\t\t\t<h4 class=\"qodef-e-title\">\n\t\tTakeover by Rudolf and Margit\t\t<\/h4>\n\t\t\t\t\t\t<p class=\"qodef-e-text\">\n\t\tRudolf and Margit Kastenhuber have offered hospitality since 1999. In 2010, the 100-year family anniversary celebrations were held.\t<\/p>\n\t\t\t\t<\/div>\n\t\t<\/div>\n\t<\/div>\n<\/div>\n<div class=\"qodef-e qodef-e-item  elementor-repeater-item-947bc59 qodef-reverse\">\n\t<div class=\"qodef-e-line-holder\">\n\t\t<span class=\"qodef-e-line\"><\/span>\n\t<\/div>\n\t<div class=\"qodef-e-item-inner\">\n\t\t<div class=\"qodef-e-point-holder\">\n\t\t\t<div class=\"qodef-e-point\">\n\t\t\t\t\t\t\t<\/div>\n\t\t<\/div>\n\t\t<div class=\"qodef-e-item-content\">\n\t\t\t<div class=\"qodef-e-side-holder\">\n\t\t\t\t<div class=\"qodef-e-image\">\n\t<img width=\"1000\" height=\"1000\" src=\"https:\/\/kastenhuber.at\/wp-content\/uploads\/2022\/08\/kastenhuber-diefamilie-haus.jpg\" class=\"attachment-full size-full\" alt=\"\" decoding=\"async\" loading=\"lazy\" srcset=\"https:\/\/kastenhuber.at\/wp-content\/uploads\/2022\/08\/kastenhuber-diefamilie-haus.jpg 1000w, https:\/\/kastenhuber.at\/wp-content\/uploads\/2022\/08\/kastenhuber-diefamilie-haus-300x300.jpg 300w, https:\/\/kastenhuber.at\/wp-content\/uploads\/2022\/08\/kastenhuber-diefamilie-haus-150x150.jpg 150w, https:\/\/kastenhuber.at\/wp-content\/uploads\/2022\/08\/kastenhuber-diefamilie-haus-768x768.jpg 768w, https:\/\/kastenhuber.at\/wp-content\/uploads\/2022\/08\/kastenhuber-diefamilie-haus-570x570.jpg 570w, https:\/\/kastenhuber.at\/wp-content\/uploads\/2022\/08\/kastenhuber-diefamilie-haus-500x500.jpg 500w, https:\/\/kastenhuber.at\/wp-content\/uploads\/2022\/08\/kastenhuber-diefamilie-haus-700x700.jpg 700w, https:\/\/kastenhuber.at\/wp-content\/uploads\/2022\/08\/kastenhuber-diefamilie-haus-650x650.jpg 650w, https:\/\/kastenhuber.at\/wp-content\/uploads\/2022\/08\/kastenhuber-diefamilie-haus-80x80.jpg 80w, https:\/\/kastenhuber.at\/wp-content\/uploads\/2022\/08\/kastenhuber-diefamilie-haus-36x36.jpg 36w, https:\/\/kastenhuber.at\/wp-content\/uploads\/2022\/08\/kastenhuber-diefamilie-haus-48x48.jpg 48w\" sizes=\"(max-width: 1000px) 100vw, 1000px\" \/><\/div>\n\t\t\t<\/div>\n\t\t\t<div class=\"qodef-e-content-holder\">\n\t\t\t\t\t<div class=\"qodef-e-date\">\n\t\t2015\t<\/div>\n\t\t\t\t\t\t<h4 class=\"qodef-e-title\">\n\t\tComplete remodeling\t\t<\/h4>\n\t\t\t\t\t\t<p class=\"qodef-e-text\">\n\t\tIn 2015, Rudolf and Margit Kastenhuber orchestrated a full renovation. On the inside, not a stone was left unturned. On the outside, the property now boasts a new, wonderful patio with panorama views, built entirely on concrete pillars.\t<\/p>\n\t\t\t\t<\/div>\n\t\t<\/div>\n\t<\/div>\n<\/div>\n<div class=\"qodef-e qodef-e-item  elementor-repeater-item-c306533 qodef-obverse\">\n\t<div class=\"qodef-e-line-holder\">\n\t\t<span class=\"qodef-e-line\"><\/span>\n\t<\/div>\n\t<div class=\"qodef-e-item-inner\">\n\t\t<div class=\"qodef-e-point-holder\">\n\t\t\t<div class=\"qodef-e-point\">\n\t\t\t\t\t\t\t<\/div>\n\t\t<\/div>\n\t\t<div class=\"qodef-e-item-content\">\n\t\t\t<div class=\"qodef-e-side-holder\">\n\t\t\t\t<div class=\"qodef-e-image\">\n\t<img width=\"1200\" height=\"1200\" src=\"https:\/\/kastenhuber.at\/wp-content\/uploads\/2022\/08\/kastenhuber-galerie5.jpg\" class=\"attachment-full size-full\" alt=\"\" decoding=\"async\" loading=\"lazy\" srcset=\"https:\/\/kastenhuber.at\/wp-content\/uploads\/2022\/08\/kastenhuber-galerie5.jpg 1200w, https:\/\/kastenhuber.at\/wp-content\/uploads\/2022\/08\/kastenhuber-galerie5-300x300.jpg 300w, https:\/\/kastenhuber.at\/wp-content\/uploads\/2022\/08\/kastenhuber-galerie5-1024x1024.jpg 1024w, https:\/\/kastenhuber.at\/wp-content\/uploads\/2022\/08\/kastenhuber-galerie5-150x150.jpg 150w, https:\/\/kastenhuber.at\/wp-content\/uploads\/2022\/08\/kastenhuber-galerie5-768x768.jpg 768w, https:\/\/kastenhuber.at\/wp-content\/uploads\/2022\/08\/kastenhuber-galerie5-570x570.jpg 570w, https:\/\/kastenhuber.at\/wp-content\/uploads\/2022\/08\/kastenhuber-galerie5-500x500.jpg 500w, https:\/\/kastenhuber.at\/wp-content\/uploads\/2022\/08\/kastenhuber-galerie5-1000x1000.jpg 1000w, https:\/\/kastenhuber.at\/wp-content\/uploads\/2022\/08\/kastenhuber-galerie5-700x700.jpg 700w, https:\/\/kastenhuber.at\/wp-content\/uploads\/2022\/08\/kastenhuber-galerie5-650x650.jpg 650w, https:\/\/kastenhuber.at\/wp-content\/uploads\/2022\/08\/kastenhuber-galerie5-80x80.jpg 80w, https:\/\/kastenhuber.at\/wp-content\/uploads\/2022\/08\/kastenhuber-galerie5-36x36.jpg 36w, https:\/\/kastenhuber.at\/wp-content\/uploads\/2022\/08\/kastenhuber-galerie5-48x48.jpg 48w\" sizes=\"(max-width: 1200px) 100vw, 1200px\" \/><\/div>\n\t\t\t<\/div>\n\t\t\t<div class=\"qodef-e-content-holder\">\n\t\t\t\t\t<div class=\"qodef-e-date\">\n\t\t2021\t<\/div>\n\t\t\t\t\t\t<h4 class=\"qodef-e-title\">\n\t\tPlanning and construction of a new hotel\t\t<\/h4>\n\t\t\t\t\t\t<p class=\"qodef-e-text\">\n\t\tBut this was not the last investment. In 2018, they began planning a new hotel. And in 2022, the Kastenhuber family was able to open the 4-star Hotel Traunfall.\n\t<\/p>\n\t\t\t\t<\/div>\n\t\t<\/div>\n\t<\/div>\n<\/div>\n<div class=\"qodef-e qodef-e-item  elementor-repeater-item-7a15150 qodef-reverse\">\n\t<div class=\"qodef-e-line-holder\">\n\t\t<span class=\"qodef-e-line\"><\/span>\n\t<\/div>\n\t<div class=\"qodef-e-item-inner\">\n\t\t<div class=\"qodef-e-point-holder\">\n\t\t\t<div class=\"qodef-e-point\">\n\t\t\t\t\t\t\t<\/div>\n\t\t<\/div>\n\t\t<div class=\"qodef-e-item-content\">\n\t\t\t<div class=\"qodef-e-side-holder\">\n\t\t\t\t<div class=\"qodef-e-image\">\n\t<img width=\"800\" height=\"800\" src=\"https:\/\/kastenhuber.at\/wp-content\/uploads\/2022\/09\/kastenhuber-die-familie02.jpg\" class=\"attachment-full size-full\" alt=\"\" decoding=\"async\" loading=\"lazy\" srcset=\"https:\/\/kastenhuber.at\/wp-content\/uploads\/2022\/09\/kastenhuber-die-familie02.jpg 800w, https:\/\/kastenhuber.at\/wp-content\/uploads\/2022\/09\/kastenhuber-die-familie02-300x300.jpg 300w, https:\/\/kastenhuber.at\/wp-content\/uploads\/2022\/09\/kastenhuber-die-familie02-150x150.jpg 150w, https:\/\/kastenhuber.at\/wp-content\/uploads\/2022\/09\/kastenhuber-die-familie02-768x768.jpg 768w, https:\/\/kastenhuber.at\/wp-content\/uploads\/2022\/09\/kastenhuber-die-familie02-570x570.jpg 570w, https:\/\/kastenhuber.at\/wp-content\/uploads\/2022\/09\/kastenhuber-die-familie02-500x500.jpg 500w, https:\/\/kastenhuber.at\/wp-content\/uploads\/2022\/09\/kastenhuber-die-familie02-700x700.jpg 700w, https:\/\/kastenhuber.at\/wp-content\/uploads\/2022\/09\/kastenhuber-die-familie02-650x650.jpg 650w, https:\/\/kastenhuber.at\/wp-content\/uploads\/2022\/09\/kastenhuber-die-familie02-80x80.jpg 80w, https:\/\/kastenhuber.at\/wp-content\/uploads\/2022\/09\/kastenhuber-die-familie02-36x36.jpg 36w, https:\/\/kastenhuber.at\/wp-content\/uploads\/2022\/09\/kastenhuber-die-familie02-48x48.jpg 48w\" sizes=\"(max-width: 800px) 100vw, 800px\" \/><\/div>\n\t\t\t<\/div>\n\t\t\t<div class=\"qodef-e-content-holder\">\n\t\t\t\t\t<div class=\"qodef-e-date\">\n\t\t2022\t<\/div>\n\t\t\t\t\t\t<h4 class=\"qodef-e-title\">\n\t\tLeap towards the future\t\t<\/h4>\n\t\t\t\t\t\t<p class=\"qodef-e-text\">\n\t\tThis meant that another foundation stone was laid for the next generation. \nThe family history will continue successfully in the next years with Karin and Rainer Baumann.\n\t<\/p>\n\t\t\t\t<\/div>\n\t\t<\/div>\n\t<\/div>\n<\/div>\n<\/div>\n\t\t<\/div>\n\t\t\t\t<\/div>\n\t\t\t\t\t<\/div>\n\t\t<\/div>\n\t\t\t\t\t\t\t<\/div>\n\t\t<\/section>\n\t\t\t\t\t\t\t<\/div>","protected":false},"excerpt":{"rendered":"<p>Wir Leben die gastlichkeit Das beeindruckende Haus am Traunfall hat bereits eine mehr als 500-j\u00e4hrige Geschichte und Tradition. Erstmals erw\u00e4hnt wurde es im Jahr 1750. 1999 \u00dcbernahme durch Rudolf und Margit Rudolf und Margit Kastenhuber beleben seit 1999 die Gastfreundschaft. Im Jahr 2010 feierte man&#8230;<\/p>","protected":false},"author":1,"featured_media":0,"parent":0,"menu_order":0,"comment_status":"closed","ping_status":"closed","template":"","meta":{"_themeisle_gutenberg_block_has_review":false},"yoast_head":"<!-- This site is optimized with the Yoast SEO plugin v19.7.2 - https:\/\/yoast.com\/wordpress\/plugins\/seo\/ -->\n<title>Die Familie - Kastenhuber<\/title>\n<meta name=\"robots\" content=\"index, follow, max-snippet:-1, max-image-preview:large, max-video-preview:-1\" \/>\n<link rel=\"canonical\" href=\"https:\/\/kastenhuber.at\/en\/die-familie\/\" \/>\n<meta property=\"og:locale\" content=\"en_US\" \/>\n<meta property=\"og:type\" content=\"article\" \/>\n<meta property=\"og:title\" content=\"Die Familie - Kastenhuber\" \/>\n<meta property=\"og:description\" content=\"Wir Leben die gastlichkeit Das beeindruckende Haus am Traunfall hat bereits eine mehr als 500-j\u00e4hrige Geschichte und Tradition. Erstmals erw\u00e4hnt wurde es im Jahr 1750. 1999 \u00dcbernahme durch Rudolf und Margit Rudolf und Margit Kastenhuber beleben seit 1999 die Gastfreundschaft. Im Jahr 2010 feierte man...\" \/>\n<meta property=\"og:url\" content=\"https:\/\/kastenhuber.at\/en\/die-familie\/\" \/>\n<meta property=\"og:site_name\" content=\"Kastenhuber\" \/>\n<meta property=\"article:modified_time\" content=\"2022-09-28T11:31:19+00:00\" \/>\n<meta property=\"og:image\" content=\"http:\/\/kastenhuber.aufwind.co.at\/wp-content\/uploads\/2022\/08\/kastenhuber-familie-01.jpg\" \/>\n<meta name=\"twitter:card\" content=\"summary_large_image\" \/>\n<meta name=\"twitter:label1\" content=\"Est. reading time\" \/>\n\t<meta name=\"twitter:data1\" content=\"1 minute\" \/>\n<script type=\"application\/ld+json\" class=\"yoast-schema-graph\">{\"@context\":\"https:\/\/schema.org\",\"@graph\":[{\"@type\":\"WebPage\",\"@id\":\"https:\/\/kastenhuber.at\/die-familie\/\",\"url\":\"https:\/\/kastenhuber.at\/die-familie\/\",\"name\":\"Die Familie - Kastenhuber\",\"isPartOf\":{\"@id\":\"https:\/\/kastenhuber.at\/#website\"},\"datePublished\":\"2022-06-07T06:02:53+00:00\",\"dateModified\":\"2022-09-28T11:31:19+00:00\",\"breadcrumb\":{\"@id\":\"https:\/\/kastenhuber.at\/die-familie\/#breadcrumb\"},\"inLanguage\":\"en-US\",\"potentialAction\":[{\"@type\":\"ReadAction\",\"target\":[\"https:\/\/kastenhuber.at\/die-familie\/\"]}]},{\"@type\":\"BreadcrumbList\",\"@id\":\"https:\/\/kastenhuber.at\/die-familie\/#breadcrumb\",\"itemListElement\":[{\"@type\":\"ListItem\",\"position\":1,\"name\":\"Startseite\",\"item\":\"https:\/\/kastenhuber.at\/\"},{\"@type\":\"ListItem\",\"position\":2,\"name\":\"Die Familie\"}]},{\"@type\":\"WebSite\",\"@id\":\"https:\/\/kastenhuber.at\/#website\",\"url\":\"https:\/\/kastenhuber.at\/\",\"name\":\"Kastenhuber\",\"description\":\"Restaurant, Hotel\",\"potentialAction\":[{\"@type\":\"SearchAction\",\"target\":{\"@type\":\"EntryPoint\",\"urlTemplate\":\"https:\/\/kastenhuber.at\/?s={search_term_string}\"},\"query-input\":\"required name=search_term_string\"}],\"inLanguage\":\"en-US\"}]}<\/script>\n<!-- \/ Yoast SEO plugin. -->","yoast_head_json":{"title":"Die Familie - Kastenhuber","robots":{"index":"index","follow":"follow","max-snippet":"max-snippet:-1","max-image-preview":"max-image-preview:large","max-video-preview":"max-video-preview:-1"},"canonical":"https:\/\/kastenhuber.at\/en\/die-familie\/","og_locale":"en_US","og_type":"article","og_title":"Die Familie - Kastenhuber","og_description":"Wir Leben die gastlichkeit Das beeindruckende Haus am Traunfall hat bereits eine mehr als 500-j\u00e4hrige Geschichte und Tradition. Erstmals erw\u00e4hnt wurde es im Jahr 1750. 1999 \u00dcbernahme durch Rudolf und Margit Rudolf und Margit Kastenhuber beleben seit 1999 die Gastfreundschaft. Im Jahr 2010 feierte man...","og_url":"https:\/\/kastenhuber.at\/en\/die-familie\/","og_site_name":"Kastenhuber","article_modified_time":"2022-09-28T11:31:19+00:00","og_image":[{"url":"http:\/\/kastenhuber.aufwind.co.at\/wp-content\/uploads\/2022\/08\/kastenhuber-familie-01.jpg"}],"twitter_card":"summary_large_image","twitter_misc":{"Est. reading time":"1 minute"},"schema":{"@context":"https:\/\/schema.org","@graph":[{"@type":"WebPage","@id":"https:\/\/kastenhuber.at\/die-familie\/","url":"https:\/\/kastenhuber.at\/die-familie\/","name":"Die Familie - Kastenhuber","isPartOf":{"@id":"https:\/\/kastenhuber.at\/#website"},"datePublished":"2022-06-07T06:02:53+00:00","dateModified":"2022-09-28T11:31:19+00:00","breadcrumb":{"@id":"https:\/\/kastenhuber.at\/die-familie\/#breadcrumb"},"inLanguage":"en-US","potentialAction":[{"@type":"ReadAction","target":["https:\/\/kastenhuber.at\/die-familie\/"]}]},{"@type":"BreadcrumbList","@id":"https:\/\/kastenhuber.at\/die-familie\/#breadcrumb","itemListElement":[{"@type":"ListItem","position":1,"name":"Startseite","item":"https:\/\/kastenhuber.at\/"},{"@type":"ListItem","position":2,"name":"Die Familie"}]},{"@type":"WebSite","@id":"https:\/\/kastenhuber.at\/#website","url":"https:\/\/kastenhuber.at\/","name":"Kastenhuber","description":"Restaurant, Hotel","potentialAction":[{"@type":"SearchAction","target":{"@type":"EntryPoint","urlTemplate":"https:\/\/kastenhuber.at\/?s={search_term_string}"},"query-input":"required name=search_term_string"}],"inLanguage":"en-US"}]}},"_links":{"self":[{"href":"https:\/\/kastenhuber.at\/en\/wp-json\/wp\/v2\/pages\/263"}],"collection":[{"href":"https:\/\/kastenhuber.at\/en\/wp-json\/wp\/v2\/pages"}],"about":[{"href":"https:\/\/kastenhuber.at\/en\/wp-json\/wp\/v2\/types\/page"}],"author":[{"embeddable":true,"href":"https:\/\/kastenhuber.at\/en\/wp-json\/wp\/v2\/users\/1"}],"replies":[{"embeddable":true,"href":"https:\/\/kastenhuber.at\/en\/wp-json\/wp\/v2\/comments?post=263"}],"version-history":[{"count":98,"href":"https:\/\/kastenhuber.at\/en\/wp-json\/wp\/v2\/pages\/263\/revisions"}],"predecessor-version":[{"id":2740,"href":"https:\/\/kastenhuber.at\/en\/wp-json\/wp\/v2\/pages\/263\/revisions\/2740"}],"wp:attachment":[{"href":"https:\/\/kastenhuber.at\/en\/wp-json\/wp\/v2\/media?parent=263"}],"curies":[{"name":"wp","href":"https:\/\/api.w.org\/{rel}","templated":true}]}}