{"id":271,"date":"2022-06-07T08:03:36","date_gmt":"2022-06-07T06:03:36","guid":{"rendered":"http:\/\/kastenhuber.aufwind.co.at\/?page_id=271"},"modified":"2022-09-28T13:37:04","modified_gmt":"2022-09-28T11:37:04","slug":"kegelbahn","status":"publish","type":"page","link":"https:\/\/kastenhuber.at\/en\/kegelbahn\/","title":{"rendered":"Bowling alley"},"content":{"rendered":"<div data-elementor-type=\"wp-page\" data-elementor-id=\"271\" class=\"elementor elementor-271\">\n\t\t\t\t\t\t\t\t\t<section class=\"has_eae_slider elementor-section elementor-top-section elementor-element elementor-element-4a9be0c elementor-section-boxed elementor-section-height-default elementor-section-height-default parallax_section_no qode_elementor_container_no\" data-id=\"4a9be0c\" data-element_type=\"section\">\n\t\t\t\t\t\t<div class=\"elementor-container elementor-column-gap-default\">\n\t\t\t\t\t<div class=\"has_eae_slider elementor-column elementor-col-100 elementor-top-column elementor-element elementor-element-069a641\" data-id=\"069a641\" data-element_type=\"column\">\n\t\t\t<div class=\"elementor-widget-wrap\">\n\t\t\t\t\t\t\t\t\t<\/div>\n\t\t<\/div>\n\t\t\t\t\t\t\t<\/div>\n\t\t<\/section>\n\t\t\t\t<section class=\"has_eae_slider elementor-section elementor-top-section elementor-element elementor-element-5004463 elementor-section-stretched elementor-section-height-min-height elementor-section-boxed elementor-section-height-default elementor-section-items-middle parallax_section_no qode_elementor_container_no\" data-id=\"5004463\" data-element_type=\"section\" data-settings=\"{&quot;stretch_section&quot;:&quot;section-stretched&quot;,&quot;background_background&quot;:&quot;classic&quot;}\">\n\t\t\t\t\t\t<div class=\"elementor-container elementor-column-gap-default\">\n\t\t\t\t\t<div class=\"has_eae_slider elementor-column elementor-col-50 elementor-top-column elementor-element elementor-element-611d126\" data-id=\"611d126\" data-element_type=\"column\">\n\t\t\t<div class=\"elementor-widget-wrap elementor-element-populated\">\n\t\t\t\t\t\t\t\t<div class=\"elementor-element elementor-element-d490a28 elementor-widget elementor-widget-image\" data-id=\"d490a28\" data-element_type=\"widget\" data-widget_type=\"image.default\">\n\t\t\t\t<div class=\"elementor-widget-container\">\n\t\t\t<style>\/*! elementor - v3.15.0 - 09-08-2023 *\/\n.elementor-widget-image{text-align:center}.elementor-widget-image a{display:inline-block}.elementor-widget-image a img[src$=\".svg\"]{width:48px}.elementor-widget-image img{vertical-align:middle;display:inline-block}<\/style>\t\t\t\t\t\t\t\t\t\t\t\t<img decoding=\"async\" width=\"768\" height=\"1024\" src=\"https:\/\/kastenhuber.at\/wp-content\/uploads\/2022\/09\/kastenhuber-kegelbahn-768x1024.jpg\" class=\"attachment-large size-large wp-image-2361\" alt=\"\" loading=\"lazy\" srcset=\"https:\/\/kastenhuber.at\/wp-content\/uploads\/2022\/09\/kastenhuber-kegelbahn-768x1024.jpg 768w, https:\/\/kastenhuber.at\/wp-content\/uploads\/2022\/09\/kastenhuber-kegelbahn-225x300.jpg 225w, https:\/\/kastenhuber.at\/wp-content\/uploads\/2022\/09\/kastenhuber-kegelbahn-600x800.jpg 600w, https:\/\/kastenhuber.at\/wp-content\/uploads\/2022\/09\/kastenhuber-kegelbahn-700x933.jpg 700w, https:\/\/kastenhuber.at\/wp-content\/uploads\/2022\/09\/kastenhuber-kegelbahn-60x80.jpg 60w, https:\/\/kastenhuber.at\/wp-content\/uploads\/2022\/09\/kastenhuber-kegelbahn-27x36.jpg 27w, https:\/\/kastenhuber.at\/wp-content\/uploads\/2022\/09\/kastenhuber-kegelbahn-36x48.jpg 36w, https:\/\/kastenhuber.at\/wp-content\/uploads\/2022\/09\/kastenhuber-kegelbahn.jpg 1000w\" sizes=\"(max-width: 768px) 100vw, 768px\" \/>\t\t\t\t\t\t\t\t\t\t\t\t\t\t\t<\/div>\n\t\t\t\t<\/div>\n\t\t\t\t\t<\/div>\n\t\t<\/div>\n\t\t\t\t<div class=\"has_eae_slider elementor-column elementor-col-50 elementor-top-column elementor-element elementor-element-f365a18\" data-id=\"f365a18\" data-element_type=\"column\">\n\t\t\t<div class=\"elementor-widget-wrap elementor-element-populated\">\n\t\t\t\t\t\t\t\t<div class=\"elementor-element elementor-element-929161e elementor-widget elementor-widget-heading\" data-id=\"929161e\" data-element_type=\"widget\" data-widget_type=\"heading.default\">\n\t\t\t\t<div class=\"elementor-widget-container\">\n\t\t\t<style>\/*! elementor - v3.15.0 - 09-08-2023 *\/\n.elementor-heading-title{padding:0;margin:0;line-height:1}.elementor-widget-heading .elementor-heading-title[class*=elementor-size-]>a{color:inherit;font-size:inherit;line-height:inherit}.elementor-widget-heading .elementor-heading-title.elementor-size-small{font-size:15px}.elementor-widget-heading .elementor-heading-title.elementor-size-medium{font-size:19px}.elementor-widget-heading .elementor-heading-title.elementor-size-large{font-size:29px}.elementor-widget-heading .elementor-heading-title.elementor-size-xl{font-size:39px}.elementor-widget-heading .elementor-heading-title.elementor-size-xxl{font-size:59px}<\/style><h2 class=\"elementor-heading-title elementor-size-default\">Enjoy good company<\/h2>\t\t<\/div>\n\t\t\t\t<\/div>\n\t\t\t\t<div class=\"elementor-element elementor-element-44bb405 elementor-widget elementor-widget-text-editor\" data-id=\"44bb405\" data-element_type=\"widget\" data-widget_type=\"text-editor.default\">\n\t\t\t\t<div class=\"elementor-widget-container\">\n\t\t\t<style>\/*! elementor - v3.15.0 - 09-08-2023 *\/\n.elementor-widget-text-editor.elementor-drop-cap-view-stacked .elementor-drop-cap{background-color:#69727d;color:#fff}.elementor-widget-text-editor.elementor-drop-cap-view-framed .elementor-drop-cap{color:#69727d;border:3px solid;background-color:transparent}.elementor-widget-text-editor:not(.elementor-drop-cap-view-default) .elementor-drop-cap{margin-top:8px}.elementor-widget-text-editor:not(.elementor-drop-cap-view-default) .elementor-drop-cap-letter{width:1em;height:1em}.elementor-widget-text-editor .elementor-drop-cap{float:left;text-align:center;line-height:1;font-size:50px}.elementor-widget-text-editor .elementor-drop-cap-letter{display:inline-block}<\/style>\t\t\t\tTwo state-of-the-art bowling alleys are available for bowling fans. They can be rented separately by the hour; please call to book in advance. And of course we can prepare a traditional \"Bratl in der Rein\" roast or other cold or hot dishes of your choice for you and your friends.\t\t\t\t\t\t<\/div>\n\t\t\t\t<\/div>\n\t\t\t\t<div class=\"elementor-element elementor-element-8e4e0af elementor-widget elementor-widget-image\" data-id=\"8e4e0af\" data-element_type=\"widget\" data-widget_type=\"image.default\">\n\t\t\t\t<div class=\"elementor-widget-container\">\n\t\t\t\t\t\t\t\t\t\t\t\t\t\t\t<img decoding=\"async\" width=\"1024\" height=\"642\" src=\"https:\/\/kastenhuber.at\/wp-content\/uploads\/2022\/08\/kastenhuber-kegelbahn-02-1024x642.jpg\" class=\"attachment-large size-large wp-image-1907\" alt=\"\" loading=\"lazy\" srcset=\"https:\/\/kastenhuber.at\/wp-content\/uploads\/2022\/08\/kastenhuber-kegelbahn-02-1024x642.jpg 1024w, https:\/\/kastenhuber.at\/wp-content\/uploads\/2022\/08\/kastenhuber-kegelbahn-02-300x188.jpg 300w, https:\/\/kastenhuber.at\/wp-content\/uploads\/2022\/08\/kastenhuber-kegelbahn-02-768x481.jpg 768w, https:\/\/kastenhuber.at\/wp-content\/uploads\/2022\/08\/kastenhuber-kegelbahn-02-700x439.jpg 700w, https:\/\/kastenhuber.at\/wp-content\/uploads\/2022\/08\/kastenhuber-kegelbahn-02-80x50.jpg 80w, https:\/\/kastenhuber.at\/wp-content\/uploads\/2022\/08\/kastenhuber-kegelbahn-02-36x23.jpg 36w, https:\/\/kastenhuber.at\/wp-content\/uploads\/2022\/08\/kastenhuber-kegelbahn-02-48x30.jpg 48w, https:\/\/kastenhuber.at\/wp-content\/uploads\/2022\/08\/kastenhuber-kegelbahn-02.jpg 1200w\" sizes=\"(max-width: 1024px) 100vw, 1024px\" \/>\t\t\t\t\t\t\t\t\t\t\t\t\t\t\t<\/div>\n\t\t\t\t<\/div>\n\t\t\t\t\t<\/div>\n\t\t<\/div>\n\t\t\t\t\t\t\t<\/div>\n\t\t<\/section>\n\t\t\t\t\t\t\t<\/div>","protected":false},"excerpt":{"rendered":"<p>Geselligkeit genie\u00dfen Kegelfreunden stehen zwei moderne Kegelbahnen zur Verf\u00fcgung. Beide Bahnen k\u00f6nnen stundenweise angemietet werden, bitte reservieren Sie diese vorab telefonisch. Gerne bereiten wir f\u00fcr Sie und Ihre Freunde auch ein \u201eBratl in der Rein\u201c oder andere kalte oder warme Gerichte Ihrer Wahl.<\/p>","protected":false},"author":1,"featured_media":0,"parent":0,"menu_order":0,"comment_status":"closed","ping_status":"closed","template":"","meta":{"_themeisle_gutenberg_block_has_review":false},"yoast_head":"<!-- This site is optimized with the Yoast SEO plugin v19.7.2 - https:\/\/yoast.com\/wordpress\/plugins\/seo\/ -->\n<title>Kegelbahn - Kastenhuber<\/title>\n<meta name=\"robots\" content=\"index, follow, max-snippet:-1, max-image-preview:large, max-video-preview:-1\" \/>\n<link rel=\"canonical\" href=\"https:\/\/kastenhuber.at\/en\/kegelbahn\/\" \/>\n<meta property=\"og:locale\" content=\"en_US\" \/>\n<meta property=\"og:type\" content=\"article\" \/>\n<meta property=\"og:title\" content=\"Kegelbahn - Kastenhuber\" \/>\n<meta property=\"og:description\" content=\"Geselligkeit genie\u00dfen Kegelfreunden stehen zwei moderne Kegelbahnen zur Verf\u00fcgung. Beide Bahnen k\u00f6nnen stundenweise angemietet werden, bitte reservieren Sie diese vorab telefonisch. Gerne bereiten wir f\u00fcr Sie und Ihre Freunde auch ein \u201eBratl in der Rein\u201c oder andere kalte oder warme Gerichte Ihrer Wahl.\" \/>\n<meta property=\"og:url\" content=\"https:\/\/kastenhuber.at\/en\/kegelbahn\/\" \/>\n<meta property=\"og:site_name\" content=\"Kastenhuber\" \/>\n<meta property=\"article:modified_time\" content=\"2022-09-28T11:37:04+00:00\" \/>\n<meta property=\"og:image\" content=\"http:\/\/kastenhuber.aufwind.co.at\/wp-content\/uploads\/2022\/09\/kastenhuber-kegelbahn-768x1024.jpg\" \/>\n<meta name=\"twitter:card\" content=\"summary_large_image\" \/>\n<script type=\"application\/ld+json\" class=\"yoast-schema-graph\">{\"@context\":\"https:\/\/schema.org\",\"@graph\":[{\"@type\":\"WebPage\",\"@id\":\"https:\/\/kastenhuber.at\/kegelbahn\/\",\"url\":\"https:\/\/kastenhuber.at\/kegelbahn\/\",\"name\":\"Kegelbahn - Kastenhuber\",\"isPartOf\":{\"@id\":\"https:\/\/kastenhuber.at\/#website\"},\"datePublished\":\"2022-06-07T06:03:36+00:00\",\"dateModified\":\"2022-09-28T11:37:04+00:00\",\"breadcrumb\":{\"@id\":\"https:\/\/kastenhuber.at\/kegelbahn\/#breadcrumb\"},\"inLanguage\":\"en-US\",\"potentialAction\":[{\"@type\":\"ReadAction\",\"target\":[\"https:\/\/kastenhuber.at\/kegelbahn\/\"]}]},{\"@type\":\"BreadcrumbList\",\"@id\":\"https:\/\/kastenhuber.at\/kegelbahn\/#breadcrumb\",\"itemListElement\":[{\"@type\":\"ListItem\",\"position\":1,\"name\":\"Startseite\",\"item\":\"https:\/\/kastenhuber.at\/\"},{\"@type\":\"ListItem\",\"position\":2,\"name\":\"Kegelbahn\"}]},{\"@type\":\"WebSite\",\"@id\":\"https:\/\/kastenhuber.at\/#website\",\"url\":\"https:\/\/kastenhuber.at\/\",\"name\":\"Kastenhuber\",\"description\":\"Restaurant, Hotel\",\"potentialAction\":[{\"@type\":\"SearchAction\",\"target\":{\"@type\":\"EntryPoint\",\"urlTemplate\":\"https:\/\/kastenhuber.at\/?s={search_term_string}\"},\"query-input\":\"required name=search_term_string\"}],\"inLanguage\":\"en-US\"}]}<\/script>\n<!-- \/ Yoast SEO plugin. -->","yoast_head_json":{"title":"Kegelbahn - Kastenhuber","robots":{"index":"index","follow":"follow","max-snippet":"max-snippet:-1","max-image-preview":"max-image-preview:large","max-video-preview":"max-video-preview:-1"},"canonical":"https:\/\/kastenhuber.at\/en\/kegelbahn\/","og_locale":"en_US","og_type":"article","og_title":"Kegelbahn - Kastenhuber","og_description":"Geselligkeit genie\u00dfen Kegelfreunden stehen zwei moderne Kegelbahnen zur Verf\u00fcgung. Beide Bahnen k\u00f6nnen stundenweise angemietet werden, bitte reservieren Sie diese vorab telefonisch. Gerne bereiten wir f\u00fcr Sie und Ihre Freunde auch ein \u201eBratl in der Rein\u201c oder andere kalte oder warme Gerichte Ihrer Wahl.","og_url":"https:\/\/kastenhuber.at\/en\/kegelbahn\/","og_site_name":"Kastenhuber","article_modified_time":"2022-09-28T11:37:04+00:00","og_image":[{"url":"http:\/\/kastenhuber.aufwind.co.at\/wp-content\/uploads\/2022\/09\/kastenhuber-kegelbahn-768x1024.jpg"}],"twitter_card":"summary_large_image","schema":{"@context":"https:\/\/schema.org","@graph":[{"@type":"WebPage","@id":"https:\/\/kastenhuber.at\/kegelbahn\/","url":"https:\/\/kastenhuber.at\/kegelbahn\/","name":"Kegelbahn - Kastenhuber","isPartOf":{"@id":"https:\/\/kastenhuber.at\/#website"},"datePublished":"2022-06-07T06:03:36+00:00","dateModified":"2022-09-28T11:37:04+00:00","breadcrumb":{"@id":"https:\/\/kastenhuber.at\/kegelbahn\/#breadcrumb"},"inLanguage":"en-US","potentialAction":[{"@type":"ReadAction","target":["https:\/\/kastenhuber.at\/kegelbahn\/"]}]},{"@type":"BreadcrumbList","@id":"https:\/\/kastenhuber.at\/kegelbahn\/#breadcrumb","itemListElement":[{"@type":"ListItem","position":1,"name":"Startseite","item":"https:\/\/kastenhuber.at\/"},{"@type":"ListItem","position":2,"name":"Kegelbahn"}]},{"@type":"WebSite","@id":"https:\/\/kastenhuber.at\/#website","url":"https:\/\/kastenhuber.at\/","name":"Kastenhuber","description":"Restaurant, Hotel","potentialAction":[{"@type":"SearchAction","target":{"@type":"EntryPoint","urlTemplate":"https:\/\/kastenhuber.at\/?s={search_term_string}"},"query-input":"required name=search_term_string"}],"inLanguage":"en-US"}]}},"_links":{"self":[{"href":"https:\/\/kastenhuber.at\/en\/wp-json\/wp\/v2\/pages\/271"}],"collection":[{"href":"https:\/\/kastenhuber.at\/en\/wp-json\/wp\/v2\/pages"}],"about":[{"href":"https:\/\/kastenhuber.at\/en\/wp-json\/wp\/v2\/types\/page"}],"author":[{"embeddable":true,"href":"https:\/\/kastenhuber.at\/en\/wp-json\/wp\/v2\/users\/1"}],"replies":[{"embeddable":true,"href":"https:\/\/kastenhuber.at\/en\/wp-json\/wp\/v2\/comments?post=271"}],"version-history":[{"count":94,"href":"https:\/\/kastenhuber.at\/en\/wp-json\/wp\/v2\/pages\/271\/revisions"}],"predecessor-version":[{"id":2752,"href":"https:\/\/kastenhuber.at\/en\/wp-json\/wp\/v2\/pages\/271\/revisions\/2752"}],"wp:attachment":[{"href":"https:\/\/kastenhuber.at\/en\/wp-json\/wp\/v2\/media?parent=271"}],"curies":[{"name":"wp","href":"https:\/\/api.w.org\/{rel}","templated":true}]}}