{"id":281,"date":"2022-06-07T08:05:23","date_gmt":"2022-06-07T06:05:23","guid":{"rendered":"http:\/\/kastenhuber.aufwind.co.at\/?page_id=281"},"modified":"2023-04-28T13:17:52","modified_gmt":"2023-04-28T11:17:52","slug":"impressum","status":"publish","type":"page","link":"https:\/\/kastenhuber.at\/en\/impressum\/","title":{"rendered":"Imprint"},"content":{"rendered":"<div data-elementor-type=\"wp-page\" data-elementor-id=\"281\" class=\"elementor elementor-281\">\n\t\t\t\t\t\t\t\t\t<section class=\"has_eae_slider elementor-section elementor-top-section elementor-element elementor-element-8571b60 elementor-section-stretched elementor-section-boxed elementor-section-height-default elementor-section-height-default parallax_section_no qode_elementor_container_no\" data-id=\"8571b60\" data-element_type=\"section\" data-settings=\"{&quot;stretch_section&quot;:&quot;section-stretched&quot;,&quot;background_background&quot;:&quot;classic&quot;}\">\n\t\t\t\t\t\t<div class=\"elementor-container elementor-column-gap-default\">\n\t\t\t\t\t<div class=\"has_eae_slider elementor-column elementor-col-100 elementor-top-column elementor-element elementor-element-64575c6\" data-id=\"64575c6\" data-element_type=\"column\">\n\t\t\t<div class=\"elementor-widget-wrap elementor-element-populated\">\n\t\t\t\t\t\t\t\t<div class=\"elementor-element elementor-element-4309bb5 elementor-widget elementor-widget-heading\" data-id=\"4309bb5\" data-element_type=\"widget\" data-widget_type=\"heading.default\">\n\t\t\t\t<div class=\"elementor-widget-container\">\n\t\t\t<style>\/*! elementor - v3.15.0 - 09-08-2023 *\/\n.elementor-heading-title{padding:0;margin:0;line-height:1}.elementor-widget-heading .elementor-heading-title[class*=elementor-size-]>a{color:inherit;font-size:inherit;line-height:inherit}.elementor-widget-heading .elementor-heading-title.elementor-size-small{font-size:15px}.elementor-widget-heading .elementor-heading-title.elementor-size-medium{font-size:19px}.elementor-widget-heading .elementor-heading-title.elementor-size-large{font-size:29px}.elementor-widget-heading .elementor-heading-title.elementor-size-xl{font-size:39px}.elementor-widget-heading .elementor-heading-title.elementor-size-xxl{font-size:59px}<\/style><h1 class=\"elementor-heading-title elementor-size-default\">Imprint<\/h1>\t\t<\/div>\n\t\t\t\t<\/div>\n\t\t\t\t<div class=\"elementor-element elementor-element-cdd8bb7 elementor-widget__width-auto center-table elementor-widget elementor-widget-text-editor\" data-id=\"cdd8bb7\" data-element_type=\"widget\" data-widget_type=\"text-editor.default\">\n\t\t\t\t<div class=\"elementor-widget-container\">\n\t\t\t<style>\/*! elementor - v3.15.0 - 09-08-2023 *\/\n.elementor-widget-text-editor.elementor-drop-cap-view-stacked .elementor-drop-cap{background-color:#69727d;color:#fff}.elementor-widget-text-editor.elementor-drop-cap-view-framed .elementor-drop-cap{color:#69727d;border:3px solid;background-color:transparent}.elementor-widget-text-editor:not(.elementor-drop-cap-view-default) .elementor-drop-cap{margin-top:8px}.elementor-widget-text-editor:not(.elementor-drop-cap-view-default) .elementor-drop-cap-letter{width:1em;height:1em}.elementor-widget-text-editor .elementor-drop-cap{float:left;text-align:center;line-height:1;font-size:50px}.elementor-widget-text-editor .elementor-drop-cap-letter{display:inline-block}<\/style>\t\t\t\t<table class=\"impressum-table\">\n<tr><td>\nCompany name<\/td><td> Gasthof Kastenhuber GmbH<\/td><\/tr>\n<tr><td>Address<\/td> <td>Viecht 8 <br>\n4693 Desselbrunn<br>\nAustria<\/td>\n<\/tr>\n<tr><td>\nE-mail address <\/td>\n<td>landgasthof@kastenhuber.at<\/td><\/tr>\n<tr><td>\nPhone<\/td><td> +43 (0) 7673 6036<\/td><\/tr>\n<tr><td>\nUID number<\/td><td> ATU 74766023<\/td><\/tr>\n<tr><td>company registration number <\/td>\n<td>519694g<\/td><\/tr>\n<tr><td>\nAuthority<\/td>\n<td> gem. ECG (E-Commerce Gesetz) <\/td>\n<tr><td>District Authority <\/td>\n<td>V\u00f6cklabruck<\/td><\/tr>\n<tr><td>professional group\/branch <\/td>\n<td>FG Gastronomie<\/td><\/tr>\n<\/table>\n\t\t\t\t\t\t<\/div>\n\t\t\t\t<\/div>\n\t\t\t\t<div class=\"elementor-element elementor-element-ce03031 elementor-widget__width-auto center-table elementor-widget elementor-widget-text-editor\" data-id=\"ce03031\" data-element_type=\"widget\" data-widget_type=\"text-editor.default\">\n\t\t\t\t<div class=\"elementor-widget-container\">\n\t\t\t\t\t\t\t<table class=\"impressum-table\">\n<tbody>\n<tr>\n<td>Company name<\/td>\n<td>Hotel Traunfall GmbH<\/td>\n<\/tr>\n<tr>\n<td>Address<\/td>\n<td>Viecht 8A<br>\n4693 Desselbrunn<br>\nAustria<\/td>\n<\/tr>\n<tr>\n<td>E-mail address<\/td>\n<td><a href=\"mailto:hotel@kastenhuber.at\">hotel@kastenhuber.at<\/a><\/td>\n<\/tr>\n<tr>\n<td>Phone<\/td>\n<td><a href=\"tel:00437673603610\">+43 (0) 7673 6036 &#8211; 10<\/a><\/td>\n<\/tr>\n<tr>\n<td>UID number<\/td>\n<td>ATU 74766023<\/td>\n<\/tr>\n<tr>\n<td>company registration number<\/td>\n<td>519694g<\/td>\n<\/tr>\n<tr>\n<td>Authority<\/td>\n<td>gem. ECG (E-Commerce Gesetz)<\/td>\n<\/tr>\n<tr>\n<td>District Authority<\/td>\n<td>V\u00f6cklabruck<\/td>\n<\/tr>\n<tr>\n<td>professional group\/branch<\/td>\n<td>FG Gastronomie<\/td>\n<\/tr>\n<\/tbody>\n<\/table>\t\t\t\t\t\t<\/div>\n\t\t\t\t<\/div>\n\t\t\t\t<div class=\"elementor-element elementor-element-6618c16 elementor-widget elementor-widget-text-editor\" data-id=\"6618c16\" data-element_type=\"widget\" data-widget_type=\"text-editor.default\">\n\t\t\t\t<div class=\"elementor-widget-container\">\n\t\t\t\t\t\t\t<p><br \/>Website design and realization:<br \/><br \/><\/p><p><a href=\"https:\/\/www.aufwind.co.at\/\">Aufwind Werbeagentur<\/a><br \/><br \/><\/p><p>Bilder und Fotos:<\/p><p>Kastenhuber, <a href=\"https:\/\/www.marleneholl.com\" target=\"_blank\" rel=\"noopener\">Marlene Holl<\/a>, <a href=\"https:\/\/www.aufwind.co.at\/\" target=\"_blank\" rel=\"noopener\">Aufwind<\/a>, AdobeStock<\/p>\t\t\t\t\t\t<\/div>\n\t\t\t\t<\/div>\n\t\t\t\t<div class=\"elementor-element elementor-element-605e640 elementor-widget elementor-widget-text-editor\" data-id=\"605e640\" data-element_type=\"widget\" data-widget_type=\"text-editor.default\">\n\t\t\t\t<div class=\"elementor-widget-container\">\n\t\t\t\t\t\t\t<h4>1. limitation of liability<\/h4><p><br \/>The contents of this website are created with the greatest possible care. However, the provider does not guarantee the accuracy, completeness and timeliness of the content provided. The use of the contents of the website is at the user's own risk. Contributions identified by name reflect the opinion of the respective author and not always the opinion of the provider. The mere use of the provider's website does not constitute any contractual relationship between the user and the provider.<br \/><br \/><\/p><h4>2. external links<\/h4><p><br \/>This website contains links to third-party websites (\"external links\"). These websites are subject to the liability of the respective operators. When the external links were first created, the provider checked the external content for any legal violations. At that time, no legal violations were apparent. The provider has no influence on the current and future design and content of the linked pages. Das Setzen von externen Links bedeutet nicht, dass sich der Anbieter die hinter dem Verweis oder Link liegenden Inhalte zu Eigen macht. Eine st\u00e4ndige Kontrolle der externen Links ist f\u00fcr den Anbieter ohne konkrete Hinweise auf Rechtsverst\u00f6\u00dfe nicht zumutbar. However, in the event of knowledge of legal violations, such external links will be deleted immediately.<br \/><br \/><br \/><\/p><h4>3. copyrights and ancillary copyrights<\/h4><p><br \/>The contents published on this website are subject to Austrian copyright and ancillary copyright law. Any use not permitted by Austrian copyright and ancillary copyright law requires the prior written consent of the provider or the respective rights holder. This applies in particular to the copying, editing, translation, storage, processing or reproduction of content in databases or other electronic media and systems. Contents and rights of third parties are marked as such. The unauthorized reproduction or distribution of individual content or complete pages is not permitted and is punishable by law. Only the production of copies and downloads for personal, private and non-commercial use is permitted. The display of this website in external frames is only permitted with written permission.<br \/><br \/><\/p>\t\t\t\t\t\t<\/div>\n\t\t\t\t<\/div>\n\t\t\t\t\t<\/div>\n\t\t<\/div>\n\t\t\t\t\t\t\t<\/div>\n\t\t<\/section>\n\t\t\t\t\t\t\t<\/div>","protected":false},"excerpt":{"rendered":"<p>Impressum Firmenname Gasthof Kastenhuber GmbH Adresse Viecht 8 4693 Desselbrunn Austria E-Mail landgasthof@kastenhuber.at Telefon +43 (0) 7673 6036 UID Nr. ATU 74766023 Firmenbuchnummer 519694g Beh\u00f6rde gem. ECG (E-Commerce Gesetz) Bezirkshauptmannschaft V\u00f6cklabruck Fachgruppe\/Berufszweig FG Gastronomie Firmenname Hotel Traunfall GmbH Adresse Viecht 8A 4693 Desselbrunn Austria E-Mail&#8230;<\/p>","protected":false},"author":1,"featured_media":0,"parent":0,"menu_order":0,"comment_status":"closed","ping_status":"closed","template":"","meta":{"_themeisle_gutenberg_block_has_review":false},"yoast_head":"<!-- This site is optimized with the Yoast SEO plugin v19.7.2 - https:\/\/yoast.com\/wordpress\/plugins\/seo\/ -->\n<title>Impressum - Kastenhuber<\/title>\n<meta name=\"robots\" content=\"index, follow, max-snippet:-1, max-image-preview:large, max-video-preview:-1\" \/>\n<link rel=\"canonical\" href=\"https:\/\/kastenhuber.at\/en\/impressum\/\" \/>\n<meta property=\"og:locale\" content=\"en_US\" \/>\n<meta property=\"og:type\" content=\"article\" \/>\n<meta property=\"og:title\" content=\"Impressum - Kastenhuber\" \/>\n<meta property=\"og:description\" content=\"Impressum Firmenname Gasthof Kastenhuber GmbH Adresse Viecht 8 4693 Desselbrunn Austria E-Mail landgasthof@kastenhuber.at Telefon +43 (0) 7673 6036 UID Nr. ATU 74766023 Firmenbuchnummer 519694g Beh\u00f6rde gem. ECG (E-Commerce Gesetz) Bezirkshauptmannschaft V\u00f6cklabruck Fachgruppe\/Berufszweig FG Gastronomie Firmenname Hotel Traunfall GmbH Adresse Viecht 8A 4693 Desselbrunn Austria E-Mail...\" \/>\n<meta property=\"og:url\" content=\"https:\/\/kastenhuber.at\/en\/impressum\/\" \/>\n<meta property=\"og:site_name\" content=\"Kastenhuber\" \/>\n<meta property=\"article:modified_time\" content=\"2023-04-28T11:17:52+00:00\" \/>\n<meta name=\"twitter:card\" content=\"summary_large_image\" \/>\n<meta name=\"twitter:label1\" content=\"Est. reading time\" \/>\n\t<meta name=\"twitter:data1\" content=\"8 minutes\" \/>\n<script type=\"application\/ld+json\" class=\"yoast-schema-graph\">{\"@context\":\"https:\/\/schema.org\",\"@graph\":[{\"@type\":\"WebPage\",\"@id\":\"https:\/\/kastenhuber.at\/impressum\/\",\"url\":\"https:\/\/kastenhuber.at\/impressum\/\",\"name\":\"Impressum - Kastenhuber\",\"isPartOf\":{\"@id\":\"https:\/\/kastenhuber.at\/#website\"},\"datePublished\":\"2022-06-07T06:05:23+00:00\",\"dateModified\":\"2023-04-28T11:17:52+00:00\",\"breadcrumb\":{\"@id\":\"https:\/\/kastenhuber.at\/impressum\/#breadcrumb\"},\"inLanguage\":\"en-US\",\"potentialAction\":[{\"@type\":\"ReadAction\",\"target\":[\"https:\/\/kastenhuber.at\/impressum\/\"]}]},{\"@type\":\"BreadcrumbList\",\"@id\":\"https:\/\/kastenhuber.at\/impressum\/#breadcrumb\",\"itemListElement\":[{\"@type\":\"ListItem\",\"position\":1,\"name\":\"Startseite\",\"item\":\"https:\/\/kastenhuber.at\/\"},{\"@type\":\"ListItem\",\"position\":2,\"name\":\"Impressum\"}]},{\"@type\":\"WebSite\",\"@id\":\"https:\/\/kastenhuber.at\/#website\",\"url\":\"https:\/\/kastenhuber.at\/\",\"name\":\"Kastenhuber\",\"description\":\"Restaurant, Hotel\",\"potentialAction\":[{\"@type\":\"SearchAction\",\"target\":{\"@type\":\"EntryPoint\",\"urlTemplate\":\"https:\/\/kastenhuber.at\/?s={search_term_string}\"},\"query-input\":\"required name=search_term_string\"}],\"inLanguage\":\"en-US\"}]}<\/script>\n<!-- \/ Yoast SEO plugin. -->","yoast_head_json":{"title":"Impressum - Kastenhuber","robots":{"index":"index","follow":"follow","max-snippet":"max-snippet:-1","max-image-preview":"max-image-preview:large","max-video-preview":"max-video-preview:-1"},"canonical":"https:\/\/kastenhuber.at\/en\/impressum\/","og_locale":"en_US","og_type":"article","og_title":"Impressum - Kastenhuber","og_description":"Impressum Firmenname Gasthof Kastenhuber GmbH Adresse Viecht 8 4693 Desselbrunn Austria E-Mail landgasthof@kastenhuber.at Telefon +43 (0) 7673 6036 UID Nr. ATU 74766023 Firmenbuchnummer 519694g Beh\u00f6rde gem. ECG (E-Commerce Gesetz) Bezirkshauptmannschaft V\u00f6cklabruck Fachgruppe\/Berufszweig FG Gastronomie Firmenname Hotel Traunfall GmbH Adresse Viecht 8A 4693 Desselbrunn Austria E-Mail...","og_url":"https:\/\/kastenhuber.at\/en\/impressum\/","og_site_name":"Kastenhuber","article_modified_time":"2023-04-28T11:17:52+00:00","twitter_card":"summary_large_image","twitter_misc":{"Est. reading time":"8 minutes"},"schema":{"@context":"https:\/\/schema.org","@graph":[{"@type":"WebPage","@id":"https:\/\/kastenhuber.at\/impressum\/","url":"https:\/\/kastenhuber.at\/impressum\/","name":"Impressum - Kastenhuber","isPartOf":{"@id":"https:\/\/kastenhuber.at\/#website"},"datePublished":"2022-06-07T06:05:23+00:00","dateModified":"2023-04-28T11:17:52+00:00","breadcrumb":{"@id":"https:\/\/kastenhuber.at\/impressum\/#breadcrumb"},"inLanguage":"en-US","potentialAction":[{"@type":"ReadAction","target":["https:\/\/kastenhuber.at\/impressum\/"]}]},{"@type":"BreadcrumbList","@id":"https:\/\/kastenhuber.at\/impressum\/#breadcrumb","itemListElement":[{"@type":"ListItem","position":1,"name":"Startseite","item":"https:\/\/kastenhuber.at\/"},{"@type":"ListItem","position":2,"name":"Impressum"}]},{"@type":"WebSite","@id":"https:\/\/kastenhuber.at\/#website","url":"https:\/\/kastenhuber.at\/","name":"Kastenhuber","description":"Restaurant, Hotel","potentialAction":[{"@type":"SearchAction","target":{"@type":"EntryPoint","urlTemplate":"https:\/\/kastenhuber.at\/?s={search_term_string}"},"query-input":"required name=search_term_string"}],"inLanguage":"en-US"}]}},"_links":{"self":[{"href":"https:\/\/kastenhuber.at\/en\/wp-json\/wp\/v2\/pages\/281"}],"collection":[{"href":"https:\/\/kastenhuber.at\/en\/wp-json\/wp\/v2\/pages"}],"about":[{"href":"https:\/\/kastenhuber.at\/en\/wp-json\/wp\/v2\/types\/page"}],"author":[{"embeddable":true,"href":"https:\/\/kastenhuber.at\/en\/wp-json\/wp\/v2\/users\/1"}],"replies":[{"embeddable":true,"href":"https:\/\/kastenhuber.at\/en\/wp-json\/wp\/v2\/comments?post=281"}],"version-history":[{"count":64,"href":"https:\/\/kastenhuber.at\/en\/wp-json\/wp\/v2\/pages\/281\/revisions"}],"predecessor-version":[{"id":3371,"href":"https:\/\/kastenhuber.at\/en\/wp-json\/wp\/v2\/pages\/281\/revisions\/3371"}],"wp:attachment":[{"href":"https:\/\/kastenhuber.at\/en\/wp-json\/wp\/v2\/media?parent=281"}],"curies":[{"name":"wp","href":"https:\/\/api.w.org\/{rel}","templated":true}]}}