{"id":297,"date":"2022-06-07T08:06:54","date_gmt":"2022-06-07T06:06:54","guid":{"rendered":"http:\/\/kastenhuber.aufwind.co.at\/?page_id=297"},"modified":"2022-09-28T13:52:19","modified_gmt":"2022-09-28T11:52:19","slug":"business","status":"publish","type":"page","link":"https:\/\/kastenhuber.at\/en\/business\/","title":{"rendered":"Business"},"content":{"rendered":"<div data-elementor-type=\"wp-page\" data-elementor-id=\"297\" class=\"elementor elementor-297\">\n\t\t\t\t\t\t\t\t\t<section class=\"has_eae_slider elementor-section elementor-top-section elementor-element elementor-element-6c34cf5 elementor-section-stretched elementor-section-boxed elementor-section-height-default elementor-section-height-default parallax_section_no qode_elementor_container_no\" data-id=\"6c34cf5\" data-element_type=\"section\" data-settings=\"{&quot;stretch_section&quot;:&quot;section-stretched&quot;,&quot;background_background&quot;:&quot;classic&quot;}\">\n\t\t\t\t\t\t<div class=\"elementor-container elementor-column-gap-no\">\n\t\t\t\t\t<div class=\"has_eae_slider elementor-column elementor-col-50 elementor-top-column elementor-element elementor-element-a8d2c49\" data-id=\"a8d2c49\" data-element_type=\"column\">\n\t\t\t<div class=\"elementor-widget-wrap elementor-element-populated\">\n\t\t\t\t\t\t\t\t<div class=\"elementor-element elementor-element-2c63dbd elementor-widget elementor-widget-image\" data-id=\"2c63dbd\" data-element_type=\"widget\" data-widget_type=\"image.default\">\n\t\t\t\t<div class=\"elementor-widget-container\">\n\t\t\t<style>\/*! elementor - v3.15.0 - 09-08-2023 *\/\n.elementor-widget-image{text-align:center}.elementor-widget-image a{display:inline-block}.elementor-widget-image a img[src$=\".svg\"]{width:48px}.elementor-widget-image img{vertical-align:middle;display:inline-block}<\/style>\t\t\t\t\t\t\t\t\t\t\t\t<img decoding=\"async\" width=\"800\" height=\"1000\" src=\"https:\/\/kastenhuber.at\/wp-content\/uploads\/2022\/09\/kastenhuber-business-04.jpg\" class=\"attachment-large size-large wp-image-2388\" alt=\"\" loading=\"lazy\" srcset=\"https:\/\/kastenhuber.at\/wp-content\/uploads\/2022\/09\/kastenhuber-business-04.jpg 800w, https:\/\/kastenhuber.at\/wp-content\/uploads\/2022\/09\/kastenhuber-business-04-240x300.jpg 240w, https:\/\/kastenhuber.at\/wp-content\/uploads\/2022\/09\/kastenhuber-business-04-768x960.jpg 768w, https:\/\/kastenhuber.at\/wp-content\/uploads\/2022\/09\/kastenhuber-business-04-700x875.jpg 700w, https:\/\/kastenhuber.at\/wp-content\/uploads\/2022\/09\/kastenhuber-business-04-64x80.jpg 64w, https:\/\/kastenhuber.at\/wp-content\/uploads\/2022\/09\/kastenhuber-business-04-29x36.jpg 29w, https:\/\/kastenhuber.at\/wp-content\/uploads\/2022\/09\/kastenhuber-business-04-38x48.jpg 38w\" sizes=\"(max-width: 800px) 100vw, 800px\" \/>\t\t\t\t\t\t\t\t\t\t\t\t\t\t\t<\/div>\n\t\t\t\t<\/div>\n\t\t\t\t\t<\/div>\n\t\t<\/div>\n\t\t\t\t<div class=\"has_eae_slider elementor-column elementor-col-50 elementor-top-column elementor-element elementor-element-64a6c5c\" data-id=\"64a6c5c\" data-element_type=\"column\" data-settings=\"{&quot;background_background&quot;:&quot;classic&quot;}\">\n\t\t\t<div class=\"elementor-widget-wrap elementor-element-populated\">\n\t\t\t\t\t\t\t\t<div class=\"elementor-element elementor-element-39e692e elementor-widget elementor-widget-heading\" data-id=\"39e692e\" data-element_type=\"widget\" data-widget_type=\"heading.default\">\n\t\t\t\t<div class=\"elementor-widget-container\">\n\t\t\t<style>\/*! elementor - v3.15.0 - 09-08-2023 *\/\n.elementor-heading-title{padding:0;margin:0;line-height:1}.elementor-widget-heading .elementor-heading-title[class*=elementor-size-]>a{color:inherit;font-size:inherit;line-height:inherit}.elementor-widget-heading .elementor-heading-title.elementor-size-small{font-size:15px}.elementor-widget-heading .elementor-heading-title.elementor-size-medium{font-size:19px}.elementor-widget-heading .elementor-heading-title.elementor-size-large{font-size:29px}.elementor-widget-heading .elementor-heading-title.elementor-size-xl{font-size:39px}.elementor-widget-heading .elementor-heading-title.elementor-size-xxl{font-size:59px}<\/style><h2 class=\"elementor-heading-title elementor-size-default\">Business Customer<\/h2>\t\t<\/div>\n\t\t\t\t<\/div>\n\t\t\t\t<div class=\"elementor-element elementor-element-b934d1c elementor-widget elementor-widget-text-editor\" data-id=\"b934d1c\" data-element_type=\"widget\" data-widget_type=\"text-editor.default\">\n\t\t\t\t<div class=\"elementor-widget-container\">\n\t\t\t<style>\/*! elementor - v3.15.0 - 09-08-2023 *\/\n.elementor-widget-text-editor.elementor-drop-cap-view-stacked .elementor-drop-cap{background-color:#69727d;color:#fff}.elementor-widget-text-editor.elementor-drop-cap-view-framed .elementor-drop-cap{color:#69727d;border:3px solid;background-color:transparent}.elementor-widget-text-editor:not(.elementor-drop-cap-view-default) .elementor-drop-cap{margin-top:8px}.elementor-widget-text-editor:not(.elementor-drop-cap-view-default) .elementor-drop-cap-letter{width:1em;height:1em}.elementor-widget-text-editor .elementor-drop-cap{float:left;text-align:center;line-height:1;font-size:50px}.elementor-widget-text-editor .elementor-drop-cap-letter{display:inline-block}<\/style>\t\t\t\tThe Gmunden and Salzkammergut regions are also home to many industrial enterprises with international business partners and clients.\n\nThe Hotel Traunfall is perfect for business guests and business travellers. It is conveniently situated near the A1, the City of Gmunden as well as Laakirchen, Vorchdorf, Schwanenstadt.\t\t\t\t\t\t<\/div>\n\t\t\t\t<\/div>\n\t\t\t\t\t<\/div>\n\t\t<\/div>\n\t\t\t\t\t\t\t<\/div>\n\t\t<\/section>\n\t\t\t\t<section class=\"has_eae_slider elementor-section elementor-top-section elementor-element elementor-element-72cb3d2 elementor-section-height-min-height elementor-section-stretched elementor-section-boxed elementor-section-height-default elementor-section-items-middle parallax_section_no qode_elementor_container_no\" data-id=\"72cb3d2\" data-element_type=\"section\" data-settings=\"{&quot;stretch_section&quot;:&quot;section-stretched&quot;,&quot;background_background&quot;:&quot;classic&quot;}\">\n\t\t\t\t\t\t<div class=\"elementor-container elementor-column-gap-no\">\n\t\t\t\t\t<div class=\"has_eae_slider elementor-column elementor-col-33 elementor-top-column elementor-element elementor-element-402a19b\" data-id=\"402a19b\" data-element_type=\"column\">\n\t\t\t<div class=\"elementor-widget-wrap elementor-element-populated\">\n\t\t\t\t\t\t\t\t<div class=\"elementor-element elementor-element-a183c94 elementor-widget elementor-widget-text-editor\" data-id=\"a183c94\" data-element_type=\"widget\" data-widget_type=\"text-editor.default\">\n\t\t\t\t<div class=\"elementor-widget-container\">\n\t\t\t\t\t\t\t<p>Our professional, helpful Reception Team can assist you at any time of the day and offers business guests every comfort during their stay: easy check-in, English-speaking receptionists, relaxing sauna and fitness area.<br>\nWe are always open to individual requests and strive to fulfil them whenever possible.<\/p>\t\t\t\t\t\t<\/div>\n\t\t\t\t<\/div>\n\t\t\t\t\t<\/div>\n\t\t<\/div>\n\t\t\t\t<div class=\"has_eae_slider elementor-column elementor-col-66 elementor-top-column elementor-element elementor-element-e9cb85e\" data-id=\"e9cb85e\" data-element_type=\"column\">\n\t\t\t<div class=\"elementor-widget-wrap elementor-element-populated\">\n\t\t\t\t\t\t\t\t<div class=\"elementor-element elementor-element-3dafc26 elementor-widget elementor-widget-image\" data-id=\"3dafc26\" data-element_type=\"widget\" data-widget_type=\"image.default\">\n\t\t\t\t<div class=\"elementor-widget-container\">\n\t\t\t\t\t\t\t\t\t\t\t\t\t\t\t<img decoding=\"async\" width=\"1024\" height=\"683\" src=\"https:\/\/kastenhuber.at\/wp-content\/uploads\/2022\/08\/kastenhuber-business-01-1024x683.jpg\" class=\"attachment-large size-large wp-image-1931\" alt=\"\" loading=\"lazy\" srcset=\"https:\/\/kastenhuber.at\/wp-content\/uploads\/2022\/08\/kastenhuber-business-01-1024x683.jpg 1024w, https:\/\/kastenhuber.at\/wp-content\/uploads\/2022\/08\/kastenhuber-business-01-300x200.jpg 300w, https:\/\/kastenhuber.at\/wp-content\/uploads\/2022\/08\/kastenhuber-business-01-768x512.jpg 768w, https:\/\/kastenhuber.at\/wp-content\/uploads\/2022\/08\/kastenhuber-business-01-700x467.jpg 700w, https:\/\/kastenhuber.at\/wp-content\/uploads\/2022\/08\/kastenhuber-business-01-80x53.jpg 80w, https:\/\/kastenhuber.at\/wp-content\/uploads\/2022\/08\/kastenhuber-business-01-36x24.jpg 36w, https:\/\/kastenhuber.at\/wp-content\/uploads\/2022\/08\/kastenhuber-business-01-48x32.jpg 48w, https:\/\/kastenhuber.at\/wp-content\/uploads\/2022\/08\/kastenhuber-business-01.jpg 1200w\" sizes=\"(max-width: 1024px) 100vw, 1024px\" \/>\t\t\t\t\t\t\t\t\t\t\t\t\t\t\t<\/div>\n\t\t\t\t<\/div>\n\t\t\t\t\t<\/div>\n\t\t<\/div>\n\t\t\t\t\t\t\t<\/div>\n\t\t<\/section>\n\t\t\t\t<section class=\"has_eae_slider elementor-section elementor-top-section elementor-element elementor-element-135599b elementor-section-full_width elementor-section-height-default elementor-section-height-default parallax_section_no qode_elementor_container_no\" data-id=\"135599b\" data-element_type=\"section\" data-settings=\"{&quot;background_background&quot;:&quot;classic&quot;}\">\n\t\t\t\t\t\t<div class=\"elementor-container elementor-column-gap-default\">\n\t\t\t\t\t<div class=\"has_eae_slider elementor-column elementor-col-100 elementor-top-column elementor-element elementor-element-c6bb9b0\" data-id=\"c6bb9b0\" data-element_type=\"column\">\n\t\t\t<div class=\"elementor-widget-wrap elementor-element-populated\">\n\t\t\t\t\t\t\t\t<div class=\"elementor-element elementor-element-36d305c elementor-widget elementor-widget-spacer\" data-id=\"36d305c\" data-element_type=\"widget\" data-widget_type=\"spacer.default\">\n\t\t\t\t<div class=\"elementor-widget-container\">\n\t\t\t<style>\/*! elementor - v3.15.0 - 09-08-2023 *\/\n.elementor-column .elementor-spacer-inner{height:var(--spacer-size)}.e-con{--container-widget-width:100%}.e-con-inner>.elementor-widget-spacer,.e-con>.elementor-widget-spacer{width:var(--container-widget-width,var(--spacer-size));--align-self:var(--container-widget-align-self,initial);--flex-shrink:0}.e-con-inner>.elementor-widget-spacer>.elementor-widget-container,.e-con-inner>.elementor-widget-spacer>.elementor-widget-container>.elementor-spacer,.e-con>.elementor-widget-spacer>.elementor-widget-container,.e-con>.elementor-widget-spacer>.elementor-widget-container>.elementor-spacer{height:100%}.e-con-inner>.elementor-widget-spacer>.elementor-widget-container>.elementor-spacer>.elementor-spacer-inner,.e-con>.elementor-widget-spacer>.elementor-widget-container>.elementor-spacer>.elementor-spacer-inner{height:var(--container-widget-height,var(--spacer-size))}<\/style>\t\t<div class=\"elementor-spacer\">\n\t\t\t<div class=\"elementor-spacer-inner\"><\/div>\n\t\t<\/div>\n\t\t\t\t<\/div>\n\t\t\t\t<\/div>\n\t\t\t\t\t<\/div>\n\t\t<\/div>\n\t\t\t\t\t\t\t<\/div>\n\t\t<\/section>\n\t\t\t\t<section class=\"has_eae_slider elementor-section elementor-top-section elementor-element elementor-element-02b0b20 elementor-section-boxed elementor-section-height-default elementor-section-height-default parallax_section_no qode_elementor_container_no\" data-id=\"02b0b20\" data-element_type=\"section\">\n\t\t\t\t\t\t<div class=\"elementor-container elementor-column-gap-no\">\n\t\t\t\t\t<div class=\"has_eae_slider elementor-column elementor-col-50 elementor-top-column elementor-element elementor-element-310989e\" data-id=\"310989e\" data-element_type=\"column\">\n\t\t\t<div class=\"elementor-widget-wrap elementor-element-populated\">\n\t\t\t\t\t\t\t\t<div class=\"elementor-element elementor-element-5bef2dd elementor-widget elementor-widget-image\" data-id=\"5bef2dd\" data-element_type=\"widget\" data-widget_type=\"image.default\">\n\t\t\t\t<div class=\"elementor-widget-container\">\n\t\t\t\t\t\t\t\t\t\t\t\t\t\t\t<img decoding=\"async\" width=\"683\" height=\"1024\" src=\"https:\/\/kastenhuber.at\/wp-content\/uploads\/2022\/08\/kastenhuber-dashotel-lobby1-683x1024.jpg\" class=\"attachment-large size-large wp-image-1943\" alt=\"\" loading=\"lazy\" srcset=\"https:\/\/kastenhuber.at\/wp-content\/uploads\/2022\/08\/kastenhuber-dashotel-lobby1-683x1024.jpg 683w, https:\/\/kastenhuber.at\/wp-content\/uploads\/2022\/08\/kastenhuber-dashotel-lobby1-200x300.jpg 200w, https:\/\/kastenhuber.at\/wp-content\/uploads\/2022\/08\/kastenhuber-dashotel-lobby1-768x1152.jpg 768w, https:\/\/kastenhuber.at\/wp-content\/uploads\/2022\/08\/kastenhuber-dashotel-lobby1-700x1050.jpg 700w, https:\/\/kastenhuber.at\/wp-content\/uploads\/2022\/08\/kastenhuber-dashotel-lobby1-53x80.jpg 53w, https:\/\/kastenhuber.at\/wp-content\/uploads\/2022\/08\/kastenhuber-dashotel-lobby1-24x36.jpg 24w, https:\/\/kastenhuber.at\/wp-content\/uploads\/2022\/08\/kastenhuber-dashotel-lobby1-32x48.jpg 32w, https:\/\/kastenhuber.at\/wp-content\/uploads\/2022\/08\/kastenhuber-dashotel-lobby1.jpg 800w\" sizes=\"(max-width: 683px) 100vw, 683px\" \/>\t\t\t\t\t\t\t\t\t\t\t\t\t\t\t<\/div>\n\t\t\t\t<\/div>\n\t\t\t\t\t<\/div>\n\t\t<\/div>\n\t\t\t\t<div class=\"has_eae_slider elementor-column elementor-col-50 elementor-top-column elementor-element elementor-element-0f5b9ee\" data-id=\"0f5b9ee\" data-element_type=\"column\" data-settings=\"{&quot;background_background&quot;:&quot;classic&quot;}\">\n\t\t\t<div class=\"elementor-widget-wrap elementor-element-populated\">\n\t\t\t\t\t\t\t\t<div class=\"elementor-element elementor-element-3b797ac elementor-widget elementor-widget-heading\" data-id=\"3b797ac\" data-element_type=\"widget\" data-widget_type=\"heading.default\">\n\t\t\t\t<div class=\"elementor-widget-container\">\n\t\t\t<h1 class=\"elementor-heading-title elementor-size-default\">\"We want you to feel comfortable. That is what we all care about.\"<\/h1>\t\t<\/div>\n\t\t\t\t<\/div>\n\t\t\t\t\t<\/div>\n\t\t<\/div>\n\t\t\t\t\t\t\t<\/div>\n\t\t<\/section>\n\t\t\t\t\t\t\t<\/div>","protected":false},"excerpt":{"rendered":"<p>BUsiness kunden Der Raum Gmunden und das Salzkammergut ist auch gepr\u00e4gt von seinen Industriebetrieben mit internationalen Gesch\u00e4ftspartnern und Kunden. Das Hotel Traunfall ist perfekt auch f\u00fcr alle Businessg\u00e4ste und Gesch\u00e4ftsreisende. Es liegt verkehrsg\u00fcnstig in unmittelbarer N\u00e4he zur A1, zur Stadt Gmunden sowie zu Laakirchen, Vorchdorf&#8230;<\/p>","protected":false},"author":1,"featured_media":0,"parent":0,"menu_order":0,"comment_status":"closed","ping_status":"closed","template":"","meta":{"_themeisle_gutenberg_block_has_review":false},"yoast_head":"<!-- This site is optimized with the Yoast SEO plugin v19.7.2 - https:\/\/yoast.com\/wordpress\/plugins\/seo\/ -->\n<title>Business - Kastenhuber<\/title>\n<meta name=\"robots\" content=\"index, follow, max-snippet:-1, max-image-preview:large, max-video-preview:-1\" \/>\n<link rel=\"canonical\" href=\"https:\/\/kastenhuber.at\/en\/business\/\" \/>\n<meta property=\"og:locale\" content=\"en_US\" \/>\n<meta property=\"og:type\" content=\"article\" \/>\n<meta property=\"og:title\" content=\"Business - Kastenhuber\" \/>\n<meta property=\"og:description\" content=\"BUsiness kunden Der Raum Gmunden und das Salzkammergut ist auch gepr\u00e4gt von seinen Industriebetrieben mit internationalen Gesch\u00e4ftspartnern und Kunden. Das Hotel Traunfall ist perfekt auch f\u00fcr alle Businessg\u00e4ste und Gesch\u00e4ftsreisende. Es liegt verkehrsg\u00fcnstig in unmittelbarer N\u00e4he zur A1, zur Stadt Gmunden sowie zu Laakirchen, Vorchdorf...\" \/>\n<meta property=\"og:url\" content=\"https:\/\/kastenhuber.at\/en\/business\/\" \/>\n<meta property=\"og:site_name\" content=\"Kastenhuber\" \/>\n<meta property=\"article:modified_time\" content=\"2022-09-28T11:52:19+00:00\" \/>\n<meta property=\"og:image\" content=\"http:\/\/kastenhuber.aufwind.co.at\/wp-content\/uploads\/2022\/09\/kastenhuber-business-04.jpg\" \/>\n<meta name=\"twitter:card\" content=\"summary_large_image\" \/>\n<meta name=\"twitter:label1\" content=\"Est. reading time\" \/>\n\t<meta name=\"twitter:data1\" content=\"1 minute\" \/>\n<script type=\"application\/ld+json\" class=\"yoast-schema-graph\">{\"@context\":\"https:\/\/schema.org\",\"@graph\":[{\"@type\":\"WebPage\",\"@id\":\"https:\/\/kastenhuber.at\/business\/\",\"url\":\"https:\/\/kastenhuber.at\/business\/\",\"name\":\"Business - Kastenhuber\",\"isPartOf\":{\"@id\":\"https:\/\/kastenhuber.at\/#website\"},\"datePublished\":\"2022-06-07T06:06:54+00:00\",\"dateModified\":\"2022-09-28T11:52:19+00:00\",\"breadcrumb\":{\"@id\":\"https:\/\/kastenhuber.at\/business\/#breadcrumb\"},\"inLanguage\":\"en-US\",\"potentialAction\":[{\"@type\":\"ReadAction\",\"target\":[\"https:\/\/kastenhuber.at\/business\/\"]}]},{\"@type\":\"BreadcrumbList\",\"@id\":\"https:\/\/kastenhuber.at\/business\/#breadcrumb\",\"itemListElement\":[{\"@type\":\"ListItem\",\"position\":1,\"name\":\"Startseite\",\"item\":\"https:\/\/kastenhuber.at\/\"},{\"@type\":\"ListItem\",\"position\":2,\"name\":\"Business\"}]},{\"@type\":\"WebSite\",\"@id\":\"https:\/\/kastenhuber.at\/#website\",\"url\":\"https:\/\/kastenhuber.at\/\",\"name\":\"Kastenhuber\",\"description\":\"Restaurant, Hotel\",\"potentialAction\":[{\"@type\":\"SearchAction\",\"target\":{\"@type\":\"EntryPoint\",\"urlTemplate\":\"https:\/\/kastenhuber.at\/?s={search_term_string}\"},\"query-input\":\"required name=search_term_string\"}],\"inLanguage\":\"en-US\"}]}<\/script>\n<!-- \/ Yoast SEO plugin. -->","yoast_head_json":{"title":"Business - Kastenhuber","robots":{"index":"index","follow":"follow","max-snippet":"max-snippet:-1","max-image-preview":"max-image-preview:large","max-video-preview":"max-video-preview:-1"},"canonical":"https:\/\/kastenhuber.at\/en\/business\/","og_locale":"en_US","og_type":"article","og_title":"Business - Kastenhuber","og_description":"BUsiness kunden Der Raum Gmunden und das Salzkammergut ist auch gepr\u00e4gt von seinen Industriebetrieben mit internationalen Gesch\u00e4ftspartnern und Kunden. Das Hotel Traunfall ist perfekt auch f\u00fcr alle Businessg\u00e4ste und Gesch\u00e4ftsreisende. Es liegt verkehrsg\u00fcnstig in unmittelbarer N\u00e4he zur A1, zur Stadt Gmunden sowie zu Laakirchen, Vorchdorf...","og_url":"https:\/\/kastenhuber.at\/en\/business\/","og_site_name":"Kastenhuber","article_modified_time":"2022-09-28T11:52:19+00:00","og_image":[{"url":"http:\/\/kastenhuber.aufwind.co.at\/wp-content\/uploads\/2022\/09\/kastenhuber-business-04.jpg"}],"twitter_card":"summary_large_image","twitter_misc":{"Est. reading time":"1 minute"},"schema":{"@context":"https:\/\/schema.org","@graph":[{"@type":"WebPage","@id":"https:\/\/kastenhuber.at\/business\/","url":"https:\/\/kastenhuber.at\/business\/","name":"Business - Kastenhuber","isPartOf":{"@id":"https:\/\/kastenhuber.at\/#website"},"datePublished":"2022-06-07T06:06:54+00:00","dateModified":"2022-09-28T11:52:19+00:00","breadcrumb":{"@id":"https:\/\/kastenhuber.at\/business\/#breadcrumb"},"inLanguage":"en-US","potentialAction":[{"@type":"ReadAction","target":["https:\/\/kastenhuber.at\/business\/"]}]},{"@type":"BreadcrumbList","@id":"https:\/\/kastenhuber.at\/business\/#breadcrumb","itemListElement":[{"@type":"ListItem","position":1,"name":"Startseite","item":"https:\/\/kastenhuber.at\/"},{"@type":"ListItem","position":2,"name":"Business"}]},{"@type":"WebSite","@id":"https:\/\/kastenhuber.at\/#website","url":"https:\/\/kastenhuber.at\/","name":"Kastenhuber","description":"Restaurant, Hotel","potentialAction":[{"@type":"SearchAction","target":{"@type":"EntryPoint","urlTemplate":"https:\/\/kastenhuber.at\/?s={search_term_string}"},"query-input":"required name=search_term_string"}],"inLanguage":"en-US"}]}},"_links":{"self":[{"href":"https:\/\/kastenhuber.at\/en\/wp-json\/wp\/v2\/pages\/297"}],"collection":[{"href":"https:\/\/kastenhuber.at\/en\/wp-json\/wp\/v2\/pages"}],"about":[{"href":"https:\/\/kastenhuber.at\/en\/wp-json\/wp\/v2\/types\/page"}],"author":[{"embeddable":true,"href":"https:\/\/kastenhuber.at\/en\/wp-json\/wp\/v2\/users\/1"}],"replies":[{"embeddable":true,"href":"https:\/\/kastenhuber.at\/en\/wp-json\/wp\/v2\/comments?post=297"}],"version-history":[{"count":114,"href":"https:\/\/kastenhuber.at\/en\/wp-json\/wp\/v2\/pages\/297\/revisions"}],"predecessor-version":[{"id":2791,"href":"https:\/\/kastenhuber.at\/en\/wp-json\/wp\/v2\/pages\/297\/revisions\/2791"}],"wp:attachment":[{"href":"https:\/\/kastenhuber.at\/en\/wp-json\/wp\/v2\/media?parent=297"}],"curies":[{"name":"wp","href":"https:\/\/api.w.org\/{rel}","templated":true}]}}