{"id":4748,"date":"2025-10-10T11:58:14","date_gmt":"2025-10-10T09:58:14","guid":{"rendered":"https:\/\/kastenhuber.at\/?page_id=4748"},"modified":"2025-10-10T11:59:04","modified_gmt":"2025-10-10T09:59:04","slug":"datenschutzerklarung","status":"publish","type":"page","link":"https:\/\/kastenhuber.at\/en\/datenschutzerklarung\/","title":{"rendered":"Barrierefreiheits\u00aderkl\u00e4rung"},"content":{"rendered":"<div data-elementor-type=\"wp-page\" data-elementor-id=\"4748\" class=\"elementor elementor-4748\">\n\t\t\t\t\t\t\t\t\t<section class=\"has_eae_slider elementor-section elementor-top-section elementor-element elementor-element-2a09b5b3 elementor-section-stretched elementor-section-boxed elementor-section-height-default elementor-section-height-default parallax_section_no qode_elementor_container_no\" data-id=\"2a09b5b3\" data-element_type=\"section\" data-settings=\"{&quot;stretch_section&quot;:&quot;section-stretched&quot;,&quot;background_background&quot;:&quot;classic&quot;}\">\n\t\t\t\t\t\t<div class=\"elementor-container elementor-column-gap-default\">\n\t\t\t\t\t<div class=\"has_eae_slider elementor-column elementor-col-100 elementor-top-column elementor-element elementor-element-6bf918a2\" data-id=\"6bf918a2\" data-element_type=\"column\">\n\t\t\t<div class=\"elementor-widget-wrap elementor-element-populated\">\n\t\t\t\t\t\t\t\t<div class=\"elementor-element elementor-element-6db377d elementor-widget elementor-widget-heading\" data-id=\"6db377d\" data-element_type=\"widget\" data-widget_type=\"heading.default\">\n\t\t\t\t<div class=\"elementor-widget-container\">\n\t\t\t<style>\/*! elementor - v3.15.0 - 09-08-2023 *\/\n.elementor-heading-title{padding:0;margin:0;line-height:1}.elementor-widget-heading .elementor-heading-title[class*=elementor-size-]>a{color:inherit;font-size:inherit;line-height:inherit}.elementor-widget-heading .elementor-heading-title.elementor-size-small{font-size:15px}.elementor-widget-heading .elementor-heading-title.elementor-size-medium{font-size:19px}.elementor-widget-heading .elementor-heading-title.elementor-size-large{font-size:29px}.elementor-widget-heading .elementor-heading-title.elementor-size-xl{font-size:39px}.elementor-widget-heading .elementor-heading-title.elementor-size-xxl{font-size:59px}<\/style><h1 class=\"elementor-heading-title elementor-size-default\">Barrierefreiheits&shy;erkl\u00e4rung<\/h1>\t\t<\/div>\n\t\t\t\t<\/div>\n\t\t\t\t<div class=\"elementor-element elementor-element-d8035b8 elementor-widget elementor-widget-text-editor\" data-id=\"d8035b8\" data-element_type=\"widget\" data-widget_type=\"text-editor.default\">\n\t\t\t\t<div class=\"elementor-widget-container\">\n\t\t\t<style>\/*! elementor - v3.15.0 - 09-08-2023 *\/\n.elementor-widget-text-editor.elementor-drop-cap-view-stacked .elementor-drop-cap{background-color:#69727d;color:#fff}.elementor-widget-text-editor.elementor-drop-cap-view-framed .elementor-drop-cap{color:#69727d;border:3px solid;background-color:transparent}.elementor-widget-text-editor:not(.elementor-drop-cap-view-default) .elementor-drop-cap{margin-top:8px}.elementor-widget-text-editor:not(.elementor-drop-cap-view-default) .elementor-drop-cap-letter{width:1em;height:1em}.elementor-widget-text-editor .elementor-drop-cap{float:left;text-align:center;line-height:1;font-size:50px}.elementor-widget-text-editor .elementor-drop-cap-letter{display:inline-block}<\/style>\t\t\t\t<p><strong><br><\/strong><\/p><p><strong>Einleitung<\/strong><\/p>\n<p><strong>&nbsp;<\/strong><\/p>\n<p>Die Gasthof Kastenhuber GmbH und die Hotel Traunfall GmbH sind bem\u00fcht, ihre Website <a href=\"https:\/\/kastenhuber.at\/en\/\">kastenhuber.at<\/a> barrierefrei zu gestalten, im Einklang mit dem <strong>Web-Zug\u00e4nglichkeits-Gesetz (WZG)<\/strong> und der Richtlinie <strong>(EU) 2016\/2102<\/strong> \u00fcber den barrierefreien Zugang zu Websites und mobilen Anwendungen \u00f6ffentlicher Stellen. Wir setzen uns daf\u00fcr ein, ein digitales Erlebnis f\u00fcr alle Nutzer:innen, einschlie\u00dflich Menschen mit Behinderungen, zu erm\u00f6glichen.<\/p>\n<p><strong>&nbsp;<\/strong><\/p>\n<p><strong>Stand der Barrierefreiheit<\/strong><\/p>\n<p>&nbsp;<\/p>\n<p>Unsere Website ist teilweise barrierefrei und entspricht weitgehend der <strong>Konformit\u00e4tsstufe AA der \u201eRichtlinien f\u00fcr barrierefreie Webinhalte (WCAG 2.1)\u201c<\/strong>. Barrierefreiheit ist ein fortlaufender Prozess: Wir pr\u00fcfen regelm\u00e4\u00dfig Verbesserungen und setzen Ma\u00dfnahmen um, um die Nutzerfreundlichkeit kontinuierlich zu steigern.<\/p>\n<p><strong>&nbsp;<\/strong><\/p>\n<p><strong>Einschr\u00e4nkungen<\/strong><\/p>\n<p><strong>&nbsp;<\/strong><\/p>\n<ul>\n<li>Einige PDF- oder Office-Dokumente sind nicht vollst\u00e4ndig barrierefrei.<\/li>\n<li>Einzelne Bilder k\u00f6nnen fehlende Alternativtexte aufweisen.<\/li>\n<li>Drittanbieter-Plugins (z.\u202fB. Karten oder Videos) k\u00f6nnen Einschr\u00e4nkungen in der Barrierefreiheit aufweisen.<\/li>\n<li>Zur Unterst\u00fctzung kann die <strong>OneTap-Barrierefreiheitstoolleiste<\/strong> genutzt werden, die unter anderem Funktionen f\u00fcr:\n<ul>\n<li>Anpassbare Textgr\u00f6\u00dfe und Kontrasteinstellungen<\/li>\n<li>Hervorhebung von Links und Text<\/li>\n<li>Vollst\u00e4ndige Tastaturnavigation<\/li>\n<li>Schnellstart \u00fcber Tastenkombination (Alt + . auf Windows, \u2318 + . auf Mac)<br>\nbereitstellt.<\/li>\n<\/ul>\n<\/li>\n<\/ul>\n<p>&nbsp;<\/p>\n<p>Bitte beachten Sie: Die Verf\u00fcgbarkeit und Wirksamkeit dieser Funktionen h\u00e4ngt von der laufenden Wartung und Konfiguration der Website ab.<\/p>\n<p><strong>&nbsp;<\/strong><\/p>\n<p><strong>Erstellung der Erkl\u00e4rung<\/strong><\/p>\n<p><strong>&nbsp;<\/strong><\/p>\n<ul>\n<li>Erstellung: 10.10.2025<\/li>\n<li>Letzte \u00dcberpr\u00fcfung: 10.10.2025<\/li>\n<\/ul>\n<p><strong>&nbsp;<\/strong><\/p>\n<p><strong>Feedback und Kontakt<\/strong><\/p>\n<p>&nbsp;<\/p>\n<p>Sollten Ihnen Barrieren auffallen oder Verbesserungsvorschl\u00e4ge bestehen, kontaktieren Sie uns bitte:<\/p>\n<p>&nbsp;<\/p>\n<ul>\n<li><strong>E-mail address<\/strong>: <a href=\"mailto:landgasthof@kastenhuber.at\">landgasthof@kastenhuber.at<\/a><\/li>\n<li><strong>Betreff<\/strong>: \u201eMeldung einer Barriere auf der Website\u201c<\/li>\n<\/ul>\n<p>&nbsp;<\/p>\n<p>Bitte beschreiben Sie das Problem und geben Sie die <strong>URL(s)<\/strong> der betroffenen Seite oder Dokumente an. Wir bem\u00fchen uns, <strong>innerhalb von 3\u20135 Werktagen<\/strong> zu antworten. Auf Anfrage stellen wir alternative Zugangswege bereit.<\/p>\n<p><strong>&nbsp;<\/strong><\/p>\n<p><strong>Durchsetzungsverfahren<\/strong><\/p>\n<p>&nbsp;<\/p>\n<p>Bei nicht zufriedenstellenden Antworten k\u00f6nnen Sie sich an die <strong>\u00d6sterreichische Forschungsf\u00f6rderungsgesellschaft (FFG)<\/strong> wenden.<br>\nDie FFG nimmt Beschwerden \u00fcber das <a href=\"https:\/\/www.digitalbarrierefrei.at\/de\/beschwerdestelle\/kontaktformular-beschwerdestelle\" target=\"_blank\" rel=\"noopener\"><span style=\"text-decoration: underline;\">Kontaktformular<\/span><\/a> entgegen und pr\u00fcft, ob Verst\u00f6\u00dfe gegen das Web-Zug\u00e4nglichkeits-Gesetz vorliegen.<\/p>\n<p>&nbsp;<\/p>\n<p>Bei berechtigten Beschwerden gibt die FFG Handlungsempfehlungen und Vorschl\u00e4ge zur Beseitigung der M\u00e4ngel.<\/p>\n<p>&nbsp;<\/p>\n<p>Weitere Informationen zum Beschwerdeverfahren finden Sie auf der <span style=\"text-decoration: underline;\"><a href=\"https:\/\/www.digitalbarrierefrei.at\/de\/beschwerde-einreichen\/beschwerdestellen-in-oesterreich\/bund\" target=\"_blank\" rel=\"noopener\">Website der FFG<\/a><\/span>.<\/p>\t\t\t\t\t\t<\/div>\n\t\t\t\t<\/div>\n\t\t\t\t\t<\/div>\n\t\t<\/div>\n\t\t\t\t\t\t\t<\/div>\n\t\t<\/section>\n\t\t\t\t\t\t\t<\/div>","protected":false},"excerpt":{"rendered":"<p>Barrierefreiheits&shy;erkl\u00e4rung Einleitung &nbsp; Die Gasthof Kastenhuber GmbH und die Hotel Traunfall GmbH sind bem\u00fcht, ihre Website kastenhuber.at barrierefrei zu gestalten, im Einklang mit dem Web-Zug\u00e4nglichkeits-Gesetz (WZG) und der Richtlinie (EU) 2016\/2102 \u00fcber den barrierefreien Zugang zu Websites und mobilen Anwendungen \u00f6ffentlicher Stellen. Wir setzen uns&#8230;<\/p>","protected":false},"author":1,"featured_media":0,"parent":0,"menu_order":0,"comment_status":"closed","ping_status":"open","template":"","meta":{"_themeisle_gutenberg_block_has_review":false},"yoast_head":"<!-- This site is optimized with the Yoast SEO plugin v19.7.2 - https:\/\/yoast.com\/wordpress\/plugins\/seo\/ -->\n<title>Barrierefreiheits\u00aderkl\u00e4rung - Kastenhuber<\/title>\n<meta name=\"robots\" content=\"index, follow, max-snippet:-1, max-image-preview:large, max-video-preview:-1\" \/>\n<link rel=\"canonical\" href=\"https:\/\/kastenhuber.at\/en\/datenschutzerklarung\/\" \/>\n<meta property=\"og:locale\" content=\"en_US\" \/>\n<meta property=\"og:type\" content=\"article\" \/>\n<meta property=\"og:title\" content=\"Barrierefreiheits\u00aderkl\u00e4rung - Kastenhuber\" \/>\n<meta property=\"og:description\" content=\"Barrierefreiheits&shy;erkl\u00e4rung Einleitung &nbsp; Die Gasthof Kastenhuber GmbH und die Hotel Traunfall GmbH sind bem\u00fcht, ihre Website kastenhuber.at barrierefrei zu gestalten, im Einklang mit dem Web-Zug\u00e4nglichkeits-Gesetz (WZG) und der Richtlinie (EU) 2016\/2102 \u00fcber den barrierefreien Zugang zu Websites und mobilen Anwendungen \u00f6ffentlicher Stellen. Wir setzen uns...\" \/>\n<meta property=\"og:url\" content=\"https:\/\/kastenhuber.at\/en\/datenschutzerklarung\/\" \/>\n<meta property=\"og:site_name\" content=\"Kastenhuber\" \/>\n<meta property=\"article:modified_time\" content=\"2025-10-10T09:59:04+00:00\" \/>\n<meta name=\"twitter:card\" content=\"summary_large_image\" \/>\n<meta name=\"twitter:label1\" content=\"Est. reading time\" \/>\n\t<meta name=\"twitter:data1\" content=\"15 minutes\" \/>\n<script type=\"application\/ld+json\" class=\"yoast-schema-graph\">{\"@context\":\"https:\/\/schema.org\",\"@graph\":[{\"@type\":\"WebPage\",\"@id\":\"https:\/\/kastenhuber.at\/datenschutzerklarung\/\",\"url\":\"https:\/\/kastenhuber.at\/datenschutzerklarung\/\",\"name\":\"Barrierefreiheits\u00aderkl\u00e4rung - Kastenhuber\",\"isPartOf\":{\"@id\":\"https:\/\/kastenhuber.at\/#website\"},\"datePublished\":\"2025-10-10T09:58:14+00:00\",\"dateModified\":\"2025-10-10T09:59:04+00:00\",\"breadcrumb\":{\"@id\":\"https:\/\/kastenhuber.at\/datenschutzerklarung\/#breadcrumb\"},\"inLanguage\":\"en-US\",\"potentialAction\":[{\"@type\":\"ReadAction\",\"target\":[\"https:\/\/kastenhuber.at\/datenschutzerklarung\/\"]}]},{\"@type\":\"BreadcrumbList\",\"@id\":\"https:\/\/kastenhuber.at\/datenschutzerklarung\/#breadcrumb\",\"itemListElement\":[{\"@type\":\"ListItem\",\"position\":1,\"name\":\"Startseite\",\"item\":\"https:\/\/kastenhuber.at\/\"},{\"@type\":\"ListItem\",\"position\":2,\"name\":\"Barrierefreiheits\u00aderkl\u00e4rung\"}]},{\"@type\":\"WebSite\",\"@id\":\"https:\/\/kastenhuber.at\/#website\",\"url\":\"https:\/\/kastenhuber.at\/\",\"name\":\"Kastenhuber\",\"description\":\"Restaurant, Hotel\",\"potentialAction\":[{\"@type\":\"SearchAction\",\"target\":{\"@type\":\"EntryPoint\",\"urlTemplate\":\"https:\/\/kastenhuber.at\/?s={search_term_string}\"},\"query-input\":\"required name=search_term_string\"}],\"inLanguage\":\"en-US\"}]}<\/script>\n<!-- \/ Yoast SEO plugin. -->","yoast_head_json":{"title":"Barrierefreiheits\u00aderkl\u00e4rung - Kastenhuber","robots":{"index":"index","follow":"follow","max-snippet":"max-snippet:-1","max-image-preview":"max-image-preview:large","max-video-preview":"max-video-preview:-1"},"canonical":"https:\/\/kastenhuber.at\/en\/datenschutzerklarung\/","og_locale":"en_US","og_type":"article","og_title":"Barrierefreiheits\u00aderkl\u00e4rung - Kastenhuber","og_description":"Barrierefreiheits&shy;erkl\u00e4rung Einleitung &nbsp; Die Gasthof Kastenhuber GmbH und die Hotel Traunfall GmbH sind bem\u00fcht, ihre Website kastenhuber.at barrierefrei zu gestalten, im Einklang mit dem Web-Zug\u00e4nglichkeits-Gesetz (WZG) und der Richtlinie (EU) 2016\/2102 \u00fcber den barrierefreien Zugang zu Websites und mobilen Anwendungen \u00f6ffentlicher Stellen. Wir setzen uns...","og_url":"https:\/\/kastenhuber.at\/en\/datenschutzerklarung\/","og_site_name":"Kastenhuber","article_modified_time":"2025-10-10T09:59:04+00:00","twitter_card":"summary_large_image","twitter_misc":{"Est. reading time":"15 minutes"},"schema":{"@context":"https:\/\/schema.org","@graph":[{"@type":"WebPage","@id":"https:\/\/kastenhuber.at\/datenschutzerklarung\/","url":"https:\/\/kastenhuber.at\/datenschutzerklarung\/","name":"Barrierefreiheits\u00aderkl\u00e4rung - Kastenhuber","isPartOf":{"@id":"https:\/\/kastenhuber.at\/#website"},"datePublished":"2025-10-10T09:58:14+00:00","dateModified":"2025-10-10T09:59:04+00:00","breadcrumb":{"@id":"https:\/\/kastenhuber.at\/datenschutzerklarung\/#breadcrumb"},"inLanguage":"en-US","potentialAction":[{"@type":"ReadAction","target":["https:\/\/kastenhuber.at\/datenschutzerklarung\/"]}]},{"@type":"BreadcrumbList","@id":"https:\/\/kastenhuber.at\/datenschutzerklarung\/#breadcrumb","itemListElement":[{"@type":"ListItem","position":1,"name":"Startseite","item":"https:\/\/kastenhuber.at\/"},{"@type":"ListItem","position":2,"name":"Barrierefreiheits\u00aderkl\u00e4rung"}]},{"@type":"WebSite","@id":"https:\/\/kastenhuber.at\/#website","url":"https:\/\/kastenhuber.at\/","name":"Kastenhuber","description":"Restaurant, Hotel","potentialAction":[{"@type":"SearchAction","target":{"@type":"EntryPoint","urlTemplate":"https:\/\/kastenhuber.at\/?s={search_term_string}"},"query-input":"required name=search_term_string"}],"inLanguage":"en-US"}]}},"_links":{"self":[{"href":"https:\/\/kastenhuber.at\/en\/wp-json\/wp\/v2\/pages\/4748"}],"collection":[{"href":"https:\/\/kastenhuber.at\/en\/wp-json\/wp\/v2\/pages"}],"about":[{"href":"https:\/\/kastenhuber.at\/en\/wp-json\/wp\/v2\/types\/page"}],"author":[{"embeddable":true,"href":"https:\/\/kastenhuber.at\/en\/wp-json\/wp\/v2\/users\/1"}],"replies":[{"embeddable":true,"href":"https:\/\/kastenhuber.at\/en\/wp-json\/wp\/v2\/comments?post=4748"}],"version-history":[{"count":6,"href":"https:\/\/kastenhuber.at\/en\/wp-json\/wp\/v2\/pages\/4748\/revisions"}],"predecessor-version":[{"id":4754,"href":"https:\/\/kastenhuber.at\/en\/wp-json\/wp\/v2\/pages\/4748\/revisions\/4754"}],"wp:attachment":[{"href":"https:\/\/kastenhuber.at\/en\/wp-json\/wp\/v2\/media?parent=4748"}],"curies":[{"name":"wp","href":"https:\/\/api.w.org\/{rel}","templated":true}]}}